{"id":87,"date":"2025-09-08T15:31:07","date_gmt":"2025-09-08T15:31:07","guid":{"rendered":"https:\/\/barico2.com\/index.php\/about\/"},"modified":"2026-03-12T12:37:09","modified_gmt":"2026-03-12T10:37:09","slug":"sobre-nosotros","status":"publish","type":"page","link":"https:\/\/barico2.com\/en\/sobre-nosotros\/","title":{"rendered":"About us"},"content":{"rendered":"<div class=\"wp-block-uagb-container uagb-block-633ebf0c alignfull uagb-is-root-container\"><div class=\"uagb-container-inner-blocks-wrap\">\n<div class=\"wp-block-uagb-advanced-heading uagb-block-62fbb34c\"><h1 class=\"uagb-heading-text\">About us<\/h1><\/div>\n<\/div><\/div>\n\n\n\n<div class=\"wp-block-uagb-container uagb-layout-grid uagb-block-57b3d91a alignfull uagb-is-root-container\"><div class=\"uagb-container-inner-blocks-wrap\">\n<div class=\"wp-block-uagb-image uagb-block-43771326 wp-block-uagb-image--layout-default wp-block-uagb-image--effect-static wp-block-uagb-image--align-none\"><figure class=\"wp-block-uagb-image__figure\"><img decoding=\"async\" srcset=\"https:\/\/barico2.com\/wp-content\/uploads\/2026\/01\/7fd0c7d1-6daa-4691-9e2f-efe6b2480022-e1771237765942.jpg ,https:\/\/barico2.com\/wp-content\/uploads\/2026\/01\/7fd0c7d1-6daa-4691-9e2f-efe6b2480022-e1771237765942.jpg 780w, https:\/\/barico2.com\/wp-content\/uploads\/2026\/01\/7fd0c7d1-6daa-4691-9e2f-efe6b2480022-e1771237765942.jpg 360w\" sizes=\"(max-width: 480px) 150px\" src=\"https:\/\/barico2.com\/wp-content\/uploads\/2026\/01\/7fd0c7d1-6daa-4691-9e2f-efe6b2480022-e1771237765942.jpg\" alt=\"Barico2 oxigenoterapia hiperb\u00e1rica\" class=\"uag-image-1777\" width=\"768\" height=\"576\" title=\"7fd0c7d1-6daa-4691-9e2f-efe6b2480022\" loading=\"lazy\" role=\"img\"\/><\/figure><\/div>\n\n\n\n<div class=\"wp-block-uagb-info-box uagb-block-f154063d uagb-infobox__content-wrap  uagb-infobox-icon-above-title uagb-infobox-image-valign-top\"><div class=\"uagb-ifb-content\"><div class=\"uagb-ifb-title-wrap\"><h2 class=\"uagb-ifb-title\"><strong>We are a hyperbaric oxygen therapy center<\/strong> <strong>who cares about your well-being.<\/strong><\/h2><\/div><p class=\"uagb-ifb-desc\"><strong>BaricO2 es un centro especializado en terapia hiperb\u00e1rica de baja presi\u00f3n que nace con la vocaci\u00f3n de acercar los beneficios del ox\u00edgeno hiperb\u00e1rico a nuestros clientes.<\/strong><br><br>This therapy is intended for people seeking to improve their health, accelerate recovery processes or enhance their well-being from a scientific and safe basis.<\/p><\/div><\/div>\n<\/div><\/div>\n\n\n\n<div class=\"wp-block-uagb-container uagb-layout-grid uagb-block-d9ed58c2 alignfull uagb-is-root-container\"><div class=\"uagb-container-inner-blocks-wrap\">\n<div class=\"wp-block-uagb-image uagb-block-4cf309c7 wp-block-uagb-image--layout-default wp-block-uagb-image--effect-static wp-block-uagb-image--align-none\"><figure class=\"wp-block-uagb-image__figure\"><img decoding=\"async\" srcset=\"https:\/\/barico2.com\/wp-content\/uploads\/2026\/02\/image1hiperbaric-e1771237822840-1024x831.jpeg ,https:\/\/barico2.com\/wp-content\/uploads\/2026\/02\/image1hiperbaric-e1771237822840.jpeg 780w, https:\/\/barico2.com\/wp-content\/uploads\/2026\/02\/image1hiperbaric-e1771237822840.jpeg 360w\" sizes=\"(max-width: 480px) 150px\" src=\"https:\/\/barico2.com\/wp-content\/uploads\/2026\/02\/image1hiperbaric-e1771237822840-1024x831.jpeg\" alt=\"C\u00e1mara oxigenoterapia hiperb\u00e1rica\" class=\"uag-image-1863\" width=\"800\" height=\"720\" title=\"image1hiperbaric\" loading=\"lazy\" role=\"img\"\/><\/figure><\/div>\n\n\n\n<div class=\"wp-block-uagb-info-box uagb-block-1b32d49f uagb-infobox__content-wrap  uagb-infobox-icon-above-title uagb-infobox-image-valign-top\"><div class=\"uagb-ifb-content\"><div class=\"uagb-ifb-title-wrap\"><h2 class=\"uagb-ifb-title\">Our hyperbaric chamber<\/h2><\/div><p class=\"uagb-ifb-desc\">We have the hyperbaric chamber <strong>Revitalair 430<\/strong>, a certified medical team that works at 1.45 ATA, allowing treatments to be performed <strong>effectively<\/strong> and comfortable <strong>risk-free<\/strong> associated with high pressures. Our technology is based on deep cellular oxygenation, helping to regenerate tissues, reduce inflammation and improve body metabolism.<br><br>En BaricO2 combinamos <strong>technological innovation<\/strong> , <strong>personalized attention<\/strong> and <strong>scientific evidence<\/strong>. Each patient is previously assessed to design a session plan adapted to their clinical or functional needs. Whether as a therapeutic complement, preventive strategy or part of a healthy lifestyle, hyperbaric oxygen therapy can be a great ally.<\/p><\/div><\/div>\n<\/div><\/div>\n\n\n\n<div class=\"wp-block-uagb-container uagb-layout-grid uagb-block-588b1334 alignfull uagb-is-root-container\"><div class=\"uagb-container-inner-blocks-wrap\">\n<div class=\"wp-block-uagb-image uagb-block-470b133b wp-block-uagb-image--layout-default wp-block-uagb-image--effect-static wp-block-uagb-image--align-none\"><figure class=\"wp-block-uagb-image__figure\"><img decoding=\"async\" srcset=\"https:\/\/barico2.com\/wp-content\/uploads\/2025\/09\/photo10-edited.png ,https:\/\/barico2.com\/wp-content\/uploads\/2025\/09\/photo10.png 780w, https:\/\/barico2.com\/wp-content\/uploads\/2025\/09\/photo10.png 360w\" sizes=\"(max-width: 480px) 150px\" src=\"https:\/\/barico2.com\/wp-content\/uploads\/2025\/09\/photo10-edited.png\" alt=\"Terapia hiperb\u00e1rica mejorar salud\" class=\"uag-image-1464\" width=\"768\" height=\"768\" title=\"photo10\" loading=\"lazy\" role=\"img\"\/><\/figure><\/div>\n\n\n\n<div class=\"wp-block-uagb-info-box uagb-block-a1cce335 uagb-infobox__content-wrap  uagb-infobox-icon-above-title uagb-infobox-image-valign-top\"><div class=\"uagb-ifb-content\"><div class=\"uagb-ifb-title-wrap\"><h2 class=\"uagb-ifb-title\">Our commitment<\/h2><\/div><p class=\"uagb-ifb-desc\">En BaricO2 estamos comprometidos con tu salud, ofrecemos seguridad, comodidad, la mejora continua de nuestros tratamientos y tu experiencia. Creemos en una terapia hiperb\u00e1rica no invasiva y centrada en el poder del propio cuerpo para sanar, con el ox\u00edgeno como motor fundamental.<\/p><\/div><\/div>\n<\/div><\/div>\n\n\n\n<div class=\"wp-block-uagb-container uagb-block-ae6b08cb alignfull uagb-is-root-container\"><div class=\"uagb-container-inner-blocks-wrap\">\n<div class=\"wp-block-uagb-info-box uagb-block-a6bc7bd5 uagb-infobox__content-wrap  uagb-infobox-icon-above-title uagb-infobox-image-valign-top\"><div class=\"uagb-ifb-content\"><div class=\"uagb-ifb-title-wrap\"><h5 class=\"uagb-ifb-title-prefix\">Real cases<\/h5><h2 class=\"uagb-ifb-title\"><strong><strong><strong><strong>What do our clients think?<\/strong><\/strong><\/strong><\/strong><\/h2><\/div><\/div><\/div>\n\n\n\n<div class=\"wp-block-uagb-container uagb-block-0c4ae795\">\n<div class=\"wp-block-uagb-container uagb-block-e32fb7a8\">\n<div class=\"wp-block-uagb-testimonial uagb-slick-carousel uagb-tm__arrow-outside uagb-block-d364dc15 uagb-post__carousel_equal-height uagb-post__carousel_notset uagb-post__carousel_notset-tablet uagb-post__carousel_notset-mobile\"><div class=\"is-carousel uagb-tm__columns-1 uagb-tm__items\"><div class=\"uagb-testimonial__wrap  uagb-tm__imgicon-style-circle uagb-tm__image-position-bottom uagb-tm__bg-type-color\"><div class=\"uagb-tm__content\"><div class=\"uagb-tm__overlay\"><\/div><div class=\"uagb-tm__text-wrap\"><div class=\"uagb-tm__desc\">\u00abI arrived in Barico\u2082 recommended by my physiotherapist after a sports injury. After several sessions I noticed a much faster recovery and less pain. The atmosphere is very relaxing and the team conveys confidence.\u00bb<\/div><div class=\"uagb-tm__meta-inner\"><div class=\"uagb-tm__image-content\"><div class=\"uagb-tm__image\"><img decoding=\"async\" class=\"uagb-tm-img-src\" src=\"https:\/\/barico2.com\/wp-content\/uploads\/2025\/09\/testimonial1-150x150-1.png\" alt=\"\" width=\"45\" height=\"45\" loading=\"lazy\"\/><\/div><\/div><div class=\"uagb-testimonial-details\"><span class=\"uagb-tm__author-name\"><strong>Marta G.<\/strong><br><\/span><span class=\"uagb-tm__company\"><\/span><\/div><\/div><\/div><\/div><\/div><\/div><\/div>\n<\/div>\n\n\n\n<div class=\"wp-block-uagb-container uagb-block-4ff08a68\">\n<div class=\"wp-block-uagb-testimonial uagb-slick-carousel uagb-tm__arrow-outside uagb-block-9804ff08 uagb-post__carousel_equal-height uagb-post__carousel_notset uagb-post__carousel_notset-tablet uagb-post__carousel_notset-mobile\"><div class=\"is-carousel uagb-tm__columns-1 uagb-tm__items\"><div class=\"uagb-testimonial__wrap  uagb-tm__imgicon-style-circle uagb-tm__image-position-bottom uagb-tm__bg-type-color\"><div class=\"uagb-tm__content\"><div class=\"uagb-tm__overlay\"><\/div><div class=\"uagb-tm__text-wrap\"><div class=\"uagb-tm__desc\">\u00abI tried the camera to improve my rest and reduce stress. The experience was surprisingly comfortable and after a few sessions I sleep much better. I recommend it to anyone looking for well-being.\u00bb<\/div><div class=\"uagb-tm__meta-inner\"><div class=\"uagb-tm__image-content\"><div class=\"uagb-tm__image\"><img decoding=\"async\" class=\"uagb-tm-img-src\" src=\"https:\/\/barico2.com\/wp-content\/uploads\/2025\/09\/testimonial2-150x150-1.png\" alt=\"\" width=\"45\" height=\"45\" loading=\"lazy\"\/><\/div><\/div><div class=\"uagb-testimonial-details\"><span class=\"uagb-tm__author-name\"><strong>Carlos M.<\/strong><br><\/span><span class=\"uagb-tm__company\"><\/span><\/div><\/div><\/div><\/div><\/div><\/div><\/div>\n<\/div>\n\n\n\n<div class=\"wp-block-uagb-container uagb-block-78a45366\">\n<div class=\"wp-block-uagb-testimonial uagb-slick-carousel uagb-tm__arrow-outside uagb-block-aaedd05f uagb-post__carousel_equal-height uagb-post__carousel_notset uagb-post__carousel_notset-tablet uagb-post__carousel_notset-mobile\"><div class=\"is-carousel uagb-tm__columns-1 uagb-tm__items\"><div class=\"uagb-testimonial__wrap  uagb-tm__imgicon-style-circle uagb-tm__image-position-bottom uagb-tm__bg-type-color\"><div class=\"uagb-tm__content\"><div class=\"uagb-tm__overlay\"><\/div><div class=\"uagb-tm__text-wrap\"><div class=\"uagb-tm__desc\">\u00abI am an amateur runner and I used therapy as support in preparing for a half marathon. It helped me recover better between workouts and arrive with less muscle overload.\u00bb<\/div><div class=\"uagb-tm__meta-inner\"><div class=\"uagb-tm__image-content\"><div class=\"uagb-tm__image\"><img decoding=\"async\" class=\"uagb-tm-img-src\" src=\"https:\/\/barico2.com\/wp-content\/uploads\/2025\/09\/testimonial3-150x150-1.png\" alt=\"\" width=\"45\" height=\"45\" loading=\"lazy\"\/><\/div><\/div><div class=\"uagb-testimonial-details\"><span class=\"uagb-tm__author-name\">Iker G.<\/span><span class=\"uagb-tm__company\"><\/span><\/div><\/div><\/div><\/div><\/div><\/div><\/div>\n<\/div>\n<\/div>\n<\/div><\/div>\n\n\n\n<div class=\"wp-block-uagb-container uagb-block-8369b6f8 alignfull uagb-is-root-container\"><div class=\"uagb-container-inner-blocks-wrap\">\n<div class=\"wp-block-uagb-container uagb-block-1baa659e\">\n<div class=\"wp-block-uagb-info-box uagb-block-ca97b674 uagb-infobox__content-wrap  uagb-infobox-icon-left uagb-infobox-left uagb-infobox-stacked-mobile uagb-infobox-image-valign-top wp-block-uagb-info-box--has-margin\"><div class=\"uagb-infobox-margin-wrapper\"><div class=\"uagb-ifb-icon-wrap\"><div class=\"uagb-iconbox-icon-wrap uagb-infobox-shape-circle\"><svg xmlns=\"https:\/\/www.w3.org\/2000\/svg\" viewbox=\"0 0 512 512\"><path d=\"M511.2 387l-23.25 100.8c-3.266 14.25-15.79 24.22-30.46 24.22C205.2 512 0 306.8 0 54.5c0-14.66 9.969-27.2 24.22-30.45l100.8-23.25C139.7-2.602 154.7 5.018 160.8 18.92l46.52 108.5c5.438 12.78 1.77 27.67-8.98 36.45L144.5 207.1c33.98 69.22 90.26 125.5 159.5 159.5l44.08-53.8c8.688-10.78 23.69-14.51 36.47-8.975l108.5 46.51C506.1 357.2 514.6 372.4 511.2 387z\"><\/path><\/svg><\/div><\/div><div class=\"uagb-ifb-content\"><div class=\"uagb-ifb-title-wrap\"><h5 class=\"uagb-ifb-title\">Call now at<br>946 290 101<\/h5><\/div><\/div><\/div><\/div>\n<\/div>\n\n\n\n<div class=\"wp-block-uagb-container uagb-block-7cd1c773\">\n<div class=\"wp-block-uagb-info-box uagb-block-e2ee226c uagb-infobox__content-wrap  uagb-infobox-icon-left uagb-infobox-left uagb-infobox-stacked-mobile uagb-infobox-image-valign-top\"><div class=\"uagb-ifb-icon-wrap\"><div class=\"uagb-iconbox-icon-wrap uagb-infobox-shape-circle\"><svg xmlns=\"https:\/\/www.w3.org\/2000\/svg\" viewbox=\"0 0 384 512\"><path d=\"M168.3 499.2C116.1 435 0 279.4 0 192C0 85.96 85.96 0 192 0C298 0 384 85.96 384 192C384 279.4 267 435 215.7 499.2C203.4 514.5 180.6 514.5 168.3 499.2H168.3zM192 256C227.3 256 256 227.3 256 192C256 156.7 227.3 128 192 128C156.7 128 128 156.7 128 192C128 227.3 156.7 256 192 256z\"><\/path><\/svg><\/div><\/div><div class=\"uagb-ifb-content\"><div class=\"uagb-ifb-title-wrap\"><h5 class=\"uagb-ifb-title\">Blas de Otero, 9B, Deusto<br>Bilbao. CP: 48014<\/h5><\/div><\/div><\/div>\n<\/div>\n\n\n\n<div class=\"wp-block-uagb-container uagb-block-e4d50553\">\n<div class=\"wp-block-buttons is-content-justification-center is-layout-flex wp-container-core-buttons-is-layout-a89b3969 wp-block-buttons-is-layout-flex\">\n<div class=\"wp-block-button\"><a class=\"wp-block-button__link has-ast-global-color-0-color has-ast-global-color-5-background-color has-text-color has-background has-link-color has-medium-font-size has-custom-font-size wp-element-button\" href=\"https:\/\/www.docfav.com\/profesional\/jorge-mora-2\" style=\"border-top-left-radius:50px;border-top-right-radius:50px;border-bottom-left-radius:50px;border-bottom-right-radius:50px\" target=\"_blank\" rel=\"noopener\">Book a session now!<\/a><\/div>\n<\/div>\n<\/div>\n<\/div><\/div>\n\n\n\n<p><\/p>","protected":false},"excerpt":{"rendered":"<p>About us<\/p>","protected":false},"author":4,"featured_media":0,"parent":0,"menu_order":0,"comment_status":"closed","ping_status":"closed","template":"","meta":{"_et_pb_use_builder":"","_et_pb_old_content":"","_et_gb_content_width":"","_uag_custom_page_level_css":"","site-sidebar-layout":"no-sidebar","site-content-layout":"plain-container","ast-site-content-layout":"normal-width-container","site-content-style":"unboxed","site-sidebar-style":"unboxed","ast-global-header-display":"","ast-banner-title-visibility":"","ast-main-header-display":"","ast-hfb-above-header-display":"","ast-hfb-below-header-display":"","ast-hfb-mobile-header-display":"","site-post-title":"disabled","ast-breadcrumbs-content":"","ast-featured-img":"disabled","footer-sml-layout":"","ast-disable-related-posts":"","theme-transparent-header-meta":"enabled","adv-header-id-meta":"","stick-header-meta":"","header-above-stick-meta":"","header-main-stick-meta":"","header-below-stick-meta":"","astra-migrate-meta-layouts":"set","ast-page-background-enabled":"default","ast-page-background-meta":{"desktop":{"background-color":"var(--ast-global-color-4)","background-image":"","background-repeat":"repeat","background-position":"center center","background-size":"auto","background-attachment":"scroll","background-type":"","background-media":"","overlay-type":"","overlay-color":"","overlay-opacity":"","overlay-gradient":""},"tablet":{"background-color":"","background-image":"","background-repeat":"repeat","background-position":"center center","background-size":"auto","background-attachment":"scroll","background-type":"","background-media":"","overlay-type":"","overlay-color":"","overlay-opacity":"","overlay-gradient":""},"mobile":{"background-color":"","background-image":"","background-repeat":"repeat","background-position":"center center","background-size":"auto","background-attachment":"scroll","background-type":"","background-media":"","overlay-type":"","overlay-color":"","overlay-opacity":"","overlay-gradient":""}},"ast-content-background-meta":{"desktop":{"background-color":"var(--ast-global-color-5)","background-image":"","background-repeat":"repeat","background-position":"center center","background-size":"auto","background-attachment":"scroll","background-type":"","background-media":"","overlay-type":"","overlay-color":"","overlay-opacity":"","overlay-gradient":""},"tablet":{"background-color":"var(--ast-global-color-5)","background-image":"","background-repeat":"repeat","background-position":"center center","background-size":"auto","background-attachment":"scroll","background-type":"","background-media":"","overlay-type":"","overlay-color":"","overlay-opacity":"","overlay-gradient":""},"mobile":{"background-color":"var(--ast-global-color-5)","background-image":"","background-repeat":"repeat","background-position":"center center","background-size":"auto","background-attachment":"scroll","background-type":"","background-media":"","overlay-type":"","overlay-color":"","overlay-opacity":"","overlay-gradient":""}},"footnotes":""},"class_list":["post-87","page","type-page","status-publish","hentry"],"_hostinger_reach_plugin_has_subscription_block":false,"_hostinger_reach_plugin_is_elementor":false,"uagb_featured_image_src":{"full":false,"thumbnail":false,"medium":false,"medium_large":false,"large":false,"1536x1536":false,"2048x2048":false,"trp-custom-language-flag":false,"et-pb-post-main-image":false,"et-pb-post-main-image-fullwidth":false,"et-pb-portfolio-image":false,"et-pb-portfolio-module-image":false,"et-pb-portfolio-image-single":false,"et-pb-gallery-module-image-portrait":false},"uagb_author_info":{"display_name":"BaricO2","author_link":"https:\/\/barico2.com\/en\/author\/contactobarico2-com\/"},"uagb_comment_info":0,"uagb_excerpt":"\u00bfQuienes somos?","_links":{"self":[{"href":"https:\/\/barico2.com\/en\/wp-json\/wp\/v2\/pages\/87","targetHints":{"allow":["GET"]}}],"collection":[{"href":"https:\/\/barico2.com\/en\/wp-json\/wp\/v2\/pages"}],"about":[{"href":"https:\/\/barico2.com\/en\/wp-json\/wp\/v2\/types\/page"}],"author":[{"embeddable":true,"href":"https:\/\/barico2.com\/en\/wp-json\/wp\/v2\/users\/4"}],"replies":[{"embeddable":true,"href":"https:\/\/barico2.com\/en\/wp-json\/wp\/v2\/comments?post=87"}],"version-history":[{"count":24,"href":"https:\/\/barico2.com\/en\/wp-json\/wp\/v2\/pages\/87\/revisions"}],"predecessor-version":[{"id":1886,"href":"https:\/\/barico2.com\/en\/wp-json\/wp\/v2\/pages\/87\/revisions\/1886"}],"wp:attachment":[{"href":"https:\/\/barico2.com\/en\/wp-json\/wp\/v2\/media?parent=87"}],"curies":[{"name":"wp","href":"https:\/\/api.w.org\/{rel}","templated":true}]}}