{"id":1632,"date":"2025-09-24T15:43:56","date_gmt":"2025-09-24T13:43:56","guid":{"rendered":"https:\/\/azure-lion-120449.hostingersite.com\/?page_id=1632"},"modified":"2025-10-27T18:52:06","modified_gmt":"2025-10-27T16:52:06","slug":"aviso-legal","status":"publish","type":"page","link":"https:\/\/barico2.com\/en\/aviso-legal\/","title":{"rendered":"Legal Notice"},"content":{"rendered":"<h2 class=\"wp-block-heading\">1. Informaci\u00f3n general<\/h2>\n\n\n\n<p>En cumplimiento con el deber de informaci\u00f3n recogido en el art\u00edculo 10 de la <strong>Ley 34\/2002, de 11 de julio, de Servicios de la Sociedad de la Informaci\u00f3n y del Comercio Electr\u00f3nico (LSSI-CE)<\/strong>, se pone a disposici\u00f3n de los usuarios la siguiente informaci\u00f3n:<\/p>\n\n\n\n<p><strong>Titular del sitio web:<\/strong> Deustobarix S.L.<\/p>\n\n\n\n<p><strong>NIF<\/strong>: B22616148<\/p>\n\n\n\n<p><strong>Direcci\u00f3n:<\/strong> Blas de Otero, 9B, Deusto, 48014 Bilbao, Bizkaia<\/p>\n\n\n\n<p><strong>Correo electr\u00f3nico:<\/strong> <a>contacto@barico2.com<\/a><\/p>\n\n\n\n<p><strong>Tel\u00e9fono:<\/strong> 946 290 101<\/p>\n\n\n\n<p>Este sitio web es propiedad y est\u00e1 gestionado por <strong>Deustobarix S.L.<\/strong><\/p>\n\n\n\n<h2 class=\"wp-block-heading\">2. Objeto<\/h2>\n\n\n\n<p>El presente Aviso Legal regula el acceso, navegaci\u00f3n y uso del sitio web https:\/\/barico2.com (en adelante, \u201cel sitio web\u201d), as\u00ed como las responsabilidades derivadas de la utilizaci\u00f3n de sus contenidos (entendiendo por estos los textos, gr\u00e1ficos, ilustraciones, dise\u00f1os, c\u00f3digos, software, fotograf\u00edas, m\u00fasica, v\u00eddeos, sonidos, bases de datos, im\u00e1genes, expresiones e informaciones, as\u00ed como cualquier otra creaci\u00f3n protegida por las leyes nacionales y los tratados internacionales sobre propiedad intelectual e industrial).<\/p>\n\n\n\n<p>El acceso al sitio web implica la aceptaci\u00f3n expresa de las presentes condiciones.<\/p>\n\n\n\n<h2 class=\"wp-block-heading\">3. Condiciones de uso<\/h2>\n\n\n\n<p>El usuario se compromete a utilizar el sitio web de forma l\u00edcita y conforme a lo dispuesto en el presente Aviso Legal, absteni\u00e9ndose de realizar cualquier actividad que pudiera da\u00f1ar, sobrecargar, inutilizar o deteriorar el normal funcionamiento del mismo, as\u00ed como de las informaciones, documentos, archivos y toda clase de contenidos almacenados.<\/p>\n\n\n\n<p>Queda prohibido:<br>&#8211; La reproducci\u00f3n, distribuci\u00f3n o modificaci\u00f3n, total o parcial, de los contenidos del sitio web, salvo autorizaci\u00f3n expresa del titular.<br>&#8211; El uso de este sitio web con fines il\u00edcitos o lesivos, o que puedan impedir, da\u00f1ar o deteriorar su normal funcionamiento.<\/p>\n\n\n\n<h2 class=\"wp-block-heading\">4. Responsabilidad<\/h2>\n\n\n\n<p>Deustobarix S.L. no se hace responsable de:<br>&#8211; Los da\u00f1os y perjuicios que pudieran derivarse del mal uso de los servicios y contenidos por parte de los usuarios.<br>&#8211; La presencia de virus u otros elementos que puedan producir alteraciones en los sistemas inform\u00e1ticos, documentos electr\u00f3nicos o datos de los usuarios.<br>&#8211; Los contenidos, productos y servicios enlazados a trav\u00e9s de enlaces o hiperv\u00ednculos de terceros que pudieran aparecer en el sitio web.<\/p>\n\n\n\n<h2 class=\"wp-block-heading\">5.  Propiedad intelectual e industrial<\/h2>\n\n\n\n<p>Todos los contenidos del sitio web (textos, fotograf\u00edas, gr\u00e1ficos, im\u00e1genes, iconos, tecnolog\u00eda, software, dise\u00f1o gr\u00e1fico, c\u00f3digo fuente, etc.), as\u00ed como las marcas y dem\u00e1s signos distintivos, son propiedad de Deustobarix S.L. o de terceros, contando el titular con autorizaci\u00f3n expresa para su uso, y est\u00e1n protegidos por la normativa vigente de propiedad intelectual e industrial.<\/p>\n\n\n\n<p>El usuario \u00fanicamente podr\u00e1 utilizar los contenidos para su uso personal y privado. Queda prohibido su uso con fines comerciales o il\u00edcitos.<\/p>\n\n\n\n<h2 class=\"wp-block-heading\">6. Pol\u00edtica de privacidad y cookies<\/h2>\n\n\n\n<p>El tratamiento de los datos personales se realizar\u00e1 conforme a lo establecido en la <a href=\"https:\/\/barico2.com\/en\/politica-de-privacidad\/\" data-type=\"page\" data-id=\"1557\">Pol\u00edtica de Privacidad<\/a> y en la <a href=\"https:\/\/barico2.com\/en\/politica-de-cookies\/\" data-type=\"page\" data-id=\"1588\">Pol\u00edtica de Cookies<\/a>, que el usuario puede consultar en las secciones correspondientes de este sitio web.<\/p>\n\n\n\n<h2 class=\"wp-block-heading\">7. Legislaci\u00f3n y jurisdicci\u00f3n aplicable<\/h2>\n\n\n\n<p>Este Aviso Legal se rige en todos y cada uno de sus extremos por la legislaci\u00f3n espa\u00f1ola y europea aplicable.<\/p>\n\n\n\n<p>Para la resoluci\u00f3n de cualquier conflicto derivado del acceso al sitio web, el usuario y Deustobarix S.L. acuerdan someterse expresamente a los juzgados y tribunales de la ciudad de Bilbao (Bizkaia, Espa\u00f1a), con renuncia a cualquier otro fuero general o especial que pudiera corresponderles.<\/p>\n\n\n\n<h2 class=\"wp-block-heading\">8. Contacto<\/h2>\n\n\n\n<p>Para cualquier consulta, comentario o notificaci\u00f3n relativa al presente Aviso Legal, el usuario puede dirigirse a Deustobarix S.L. a trav\u00e9s de los siguientes medios:<\/p>\n\n\n\n<p>Direcci\u00f3n: Blas de Otero, 9B, Deusto, 48014 Bilbao, Bizkaia, Espa\u00f1a<\/p>\n\n\n\n<p>Correo electr\u00f3nico: contacto@barico2.com<\/p>\n\n\n\n<p>Tel\u00e9fono: 946 290 101<\/p>\n\n\n\n<div style=\"height:100px\" aria-hidden=\"true\" class=\"wp-block-spacer\"><\/div>\n\n\n\n<p><em>Este Aviso Legal se actualiz\u00f3 por \u00faltima vez el 14 de octubre de 2025<\/em><\/p>","protected":false},"excerpt":{"rendered":"<p>1. Informaci\u00f3n general En cumplimiento con el deber de informaci\u00f3n recogido en el art\u00edculo 10 de la Ley 34\/2002, de 11 de julio, de Servicios de la Sociedad de la Informaci\u00f3n y del Comercio Electr\u00f3nico (LSSI-CE), se pone a disposici\u00f3n de los usuarios la siguiente informaci\u00f3n: Titular del sitio web: Deustobarix S.L. NIF: B22616148 Direcci\u00f3n: [&hellip;]<\/p>\n","protected":false},"author":4,"featured_media":0,"parent":0,"menu_order":0,"comment_status":"closed","ping_status":"closed","template":"","meta":{"_et_pb_use_builder":"","_et_pb_old_content":"","_et_gb_content_width":"","_uag_custom_page_level_css":"","site-sidebar-layout":"default","site-content-layout":"","ast-site-content-layout":"default","site-content-style":"default","site-sidebar-style":"default","ast-global-header-display":"","ast-banner-title-visibility":"","ast-main-header-display":"","ast-hfb-above-header-display":"","ast-hfb-below-header-display":"","ast-hfb-mobile-header-display":"","site-post-title":"","ast-breadcrumbs-content":"","ast-featured-img":"","footer-sml-layout":"","ast-disable-related-posts":"","theme-transparent-header-meta":"","adv-header-id-meta":"","stick-header-meta":"","header-above-stick-meta":"","header-main-stick-meta":"","header-below-stick-meta":"","astra-migrate-meta-layouts":"set","ast-page-background-enabled":"default","ast-page-background-meta":{"desktop":{"background-color":"var(--ast-global-color-4)","background-image":"","background-repeat":"repeat","background-position":"center center","background-size":"auto","background-attachment":"scroll","background-type":"","background-media":"","overlay-type":"","overlay-color":"","overlay-opacity":"","overlay-gradient":""},"tablet":{"background-color":"","background-image":"","background-repeat":"repeat","background-position":"center center","background-size":"auto","background-attachment":"scroll","background-type":"","background-media":"","overlay-type":"","overlay-color":"","overlay-opacity":"","overlay-gradient":""},"mobile":{"background-color":"","background-image":"","background-repeat":"repeat","background-position":"center center","background-size":"auto","background-attachment":"scroll","background-type":"","background-media":"","overlay-type":"","overlay-color":"","overlay-opacity":"","overlay-gradient":""}},"ast-content-background-meta":{"desktop":{"background-color":"var(--ast-global-color-5)","background-image":"","background-repeat":"repeat","background-position":"center center","background-size":"auto","background-attachment":"scroll","background-type":"","background-media":"","overlay-type":"","overlay-color":"","overlay-opacity":"","overlay-gradient":""},"tablet":{"background-color":"var(--ast-global-color-5)","background-image":"","background-repeat":"repeat","background-position":"center center","background-size":"auto","background-attachment":"scroll","background-type":"","background-media":"","overlay-type":"","overlay-color":"","overlay-opacity":"","overlay-gradient":""},"mobile":{"background-color":"var(--ast-global-color-5)","background-image":"","background-repeat":"repeat","background-position":"center center","background-size":"auto","background-attachment":"scroll","background-type":"","background-media":"","overlay-type":"","overlay-color":"","overlay-opacity":"","overlay-gradient":""}},"footnotes":""},"class_list":["post-1632","page","type-page","status-publish","hentry"],"_hostinger_reach_plugin_has_subscription_block":false,"_hostinger_reach_plugin_is_elementor":false,"uagb_featured_image_src":{"full":false,"thumbnail":false,"medium":false,"medium_large":false,"large":false,"1536x1536":false,"2048x2048":false,"trp-custom-language-flag":false,"et-pb-post-main-image":false,"et-pb-post-main-image-fullwidth":false,"et-pb-portfolio-image":false,"et-pb-portfolio-module-image":false,"et-pb-portfolio-image-single":false,"et-pb-gallery-module-image-portrait":false},"uagb_author_info":{"display_name":"BaricO2","author_link":"https:\/\/barico2.com\/en\/author\/contactobarico2-com\/"},"uagb_comment_info":0,"uagb_excerpt":"1. Informaci\u00f3n general En cumplimiento con el deber de informaci\u00f3n recogido en el art\u00edculo 10 de la Ley 34\/2002, de 11 de julio, de Servicios de la Sociedad de la Informaci\u00f3n y del Comercio Electr\u00f3nico (LSSI-CE), se pone a disposici\u00f3n de los usuarios la siguiente informaci\u00f3n: Titular del sitio web: Deustobarix S.L. NIF: B22616148 Direcci\u00f3n:&hellip;","_links":{"self":[{"href":"https:\/\/barico2.com\/en\/wp-json\/wp\/v2\/pages\/1632","targetHints":{"allow":["GET"]}}],"collection":[{"href":"https:\/\/barico2.com\/en\/wp-json\/wp\/v2\/pages"}],"about":[{"href":"https:\/\/barico2.com\/en\/wp-json\/wp\/v2\/types\/page"}],"author":[{"embeddable":true,"href":"https:\/\/barico2.com\/en\/wp-json\/wp\/v2\/users\/4"}],"replies":[{"embeddable":true,"href":"https:\/\/barico2.com\/en\/wp-json\/wp\/v2\/comments?post=1632"}],"version-history":[{"count":5,"href":"https:\/\/barico2.com\/en\/wp-json\/wp\/v2\/pages\/1632\/revisions"}],"predecessor-version":[{"id":1696,"href":"https:\/\/barico2.com\/en\/wp-json\/wp\/v2\/pages\/1632\/revisions\/1696"}],"wp:attachment":[{"href":"https:\/\/barico2.com\/en\/wp-json\/wp\/v2\/media?parent=1632"}],"curies":[{"name":"wp","href":"https:\/\/api.w.org\/{rel}","templated":true}]}}