{"id":1557,"date":"2025-09-16T14:07:28","date_gmt":"2025-09-16T12:07:28","guid":{"rendered":"https:\/\/barico2.com\/?page_id=1557"},"modified":"2026-03-12T11:30:35","modified_gmt":"2026-03-12T09:30:35","slug":"politica-de-privacidad","status":"publish","type":"page","link":"https:\/\/barico2.com\/en\/politica-de-privacidad\/","title":{"rendered":"Privacy policy"},"content":{"rendered":"<p>La presente Pol\u00edtica de Privacidad ha sido desarrollada teniendo en cuenta lo dispuesto por la Ley Org\u00e1nica 3\/2018, de 5 de diciembre, de Protecci\u00f3n de Datos Personales y Garant\u00eda de los Derechos Digitales (LOPDGDD), as\u00ed como por el Reglamento 2016\/679 del Parlamento Europeo y del consejo del 27 de abril de 2016 relativo a la protecci\u00f3n de las personas f\u00edsicas en lo que respecta al tratamiento de datos personales y a la circulaci\u00f3n de estos datos, en adelante, el RGPD.<\/p>\n\n\n\n<p>Esta Pol\u00edtica de Privacidad tiene por objeto poner en conocimiento de los titulares de los datos personales, respecto de los cuales se est\u00e1 recabando informaci\u00f3n, los aspectos espec\u00edficos relativos al tratamiento sus datos, entre otras cosas, las finalidades de los tratamientos, los datos de contacto para ejercer los derechos que le asisten, los plazos de conservaci\u00f3n de la informaci\u00f3n y las medidas de seguridad entre otras cosas.<\/p>\n\n\n\n<h2 class=\"wp-block-heading\">1. Responsable del tratamiento<\/h2>\n\n\n\n<p><strong>Responsable:<\/strong> DEUSTOBARIX S.L. (BaricO2)<\/p>\n\n\n\n<p><strong>NIF<\/strong>: B22616148<\/p>\n\n\n\n<p><strong>Direcci\u00f3n:<\/strong> Calle Blas de Otero, 9B Local 2, Deusto, 48014 Bilbao, Bizkaia<\/p>\n\n\n\n<p><strong>Correo electr\u00f3nico:<\/strong> <a>contacto@barico2.com<\/a><\/p>\n\n\n\n<p><strong>Tel\u00e9fono:<\/strong> 946 290 101<\/p>\n\n\n\n<h2 class=\"wp-block-heading\">2. Delegado de protecci\u00f3n de datos<\/h2>\n\n\n\n<p>La persona designada para ejercer las funciones de delegado de protecci\u00f3n de datos en DEUSTOBARIX S.L. (BaricO2) es ASESORES Y CONSULTORES EN PROTECCI\u00d3N DE DATOS S.L. cuyos datos de contacto son los siguientes:<\/p>\n\n\n\n<p><strong>Phone number<\/strong>: 942042117<br><strong>Email<\/strong>: info@acpd.es<\/p>\n\n\n\n<h2 class=\"wp-block-heading\">3. Finalidad del tratamiento de los datos<\/h2>\n\n\n\n<p>Las finalidades expl\u00edcitas para las cuales se llevan a cabo cada uno de los tratamientos vienen recogido en las cl\u00e1usulas informativas incorporadas en cada una de las v\u00edas de toma de datos (formularios web, formularios en papel, locuciones o carteles y notas informativas).<\/p>\n\n\n\n<p>No obstante, los datos de car\u00e1cter personal del interesado ser\u00e1n tratados con la exclusiva finalidad de proporcionarles una respuesta efectiva y atender las solicitudes practicadas por el usuario, especificadas junto a la opci\u00f3n, servicio, formulario o sistema de toma de datos que el titular utilice.<br><br>En cualquier otro caso, tratamos tus datos personales con las siguientes finalidades:<br>&#8211; Atenci\u00f3n al cliente y resoluci\u00f3n de consultas.<br>&#8211; Gesti\u00f3n de citas.<br>&#8211; Gesti\u00f3n de pagos online y facturaci\u00f3n.<br>&#8211; Prestaci\u00f3n de los servicios solicitados.<\/p>\n\n\n\n<h2 class=\"wp-block-heading\">4. Base legal del tratamiento<\/h2>\n\n\n\n<p>El tratamiento de tus datos personales se realiza conforme a una o varias de las siguientes bases jur\u00eddicas:<br>&#8211; <strong>Consentimiento del usuario<\/strong> para el tratamiento de sus datos (art. 6.1.a RGPD).<br>&#8211; <strong>Ejecuci\u00f3n de un contrato<\/strong> para la prestaci\u00f3n de los servicios solicitados (art. 6.1.b RGPD).<br>&#8211; <strong>Cumplimiento de obligaciones legales<\/strong> aplicables a DEUSTOBARIX S.L. (art. 6.1.c RGPD).<\/p>\n\n\n\n<h2 class=\"wp-block-heading\">5. Categor\u00edas de datos tratados<\/h2>\n\n\n\n<p>Los datos personales que tratamos incluyen:<br>&#8211; Nombre y apellidos.<br>&#8211; DNI\/NIF.<br>&#8211; Direcci\u00f3n postal.<br>&#8211; Tel\u00e9fono.<br>&#8211; Correo electr\u00f3nico.<br>&#8211; Datos de pago.<br>&#8211; Datos de navegaci\u00f3n y cookies (ver nuestra <a href=\"https:\/\/barico2.com\/en\/politica-de-cookies\/\" data-type=\"page\" data-id=\"1588\">Pol\u00edtica de Cookies<\/a>).<\/p>\n\n\n\n<h2 class=\"wp-block-heading\">6. Comunicaci\u00f3n de datos<\/h2>\n\n\n\n<p>Tus datos podr\u00e1n ser comunicados a terceros \u00fanicamente en los siguientes casos:<br>&#8211;<strong> Proveedores de hosting y servicios tecnol\u00f3gicos<\/strong>.<br>&#8211; <strong>Pasarelas de pago<\/strong> para la gesti\u00f3n de cobros. En todo caso, dichos proveedores tratar\u00e1n los datos siguiendo nuestras instrucciones y bajo contrato de encargado de tratamiento.<\/p>\n\n\n\n<h2 class=\"wp-block-heading\">7. Transferencias internacionales<\/h2>\n\n\n\n<p>Algunos de nuestros proveedores pueden encontrarse fuera del Espacio Econ\u00f3mico Europeo. En particular:<br>&#8211; <strong>Google<\/strong> (servicios de anal\u00edtica y correo).<br>&#8211; <strong>SureMail<\/strong> (servicios de comunicaci\u00f3n).<br>Estas transferencias internacionales se realizan con garant\u00edas adecuadas de conformidad con los arts. 44 y ss. del RGPD, mediante cl\u00e1usulas contractuales tipo aprobadas por la Comisi\u00f3n Europea.<\/p>\n\n\n\n<h2 class=\"wp-block-heading\">8. Plazo de conservaci\u00f3n<\/h2>\n\n\n\n<p>La informaci\u00f3n recabada del interesado ser\u00e1 conservada mientras sea necesaria para cumplir con la finalidad para la cual fueron recabados los datos personales, de forma que, una vez cumplida la finalidad los datos ser\u00e1n cancelados. Dicha cancelaci\u00f3n dar\u00e1 lugar al bloqueo de los datos conserv\u00e1ndose \u00fanicamente a disposici\u00f3n de las AAPP, Jueces y Tribunales, para atender las posibles responsabilidades nacidas del tratamiento, durante el plazo de prescripci\u00f3n de \u00e9stas, cumplido el citado plazo se proceder\u00e1 a la destrucci\u00f3n de la informaci\u00f3n.<\/p>\n\n\n\n<h2 class=\"wp-block-heading\">9. Derechos de los usuarios<\/h2>\n\n\n\n<p>Puedes ejercer en cualquier momento tus derechos reconocidos por el RGPD y la LOPDGDD:<br>&#8211; <strong>Acceso<\/strong>: saber qu\u00e9 datos tratamos.<br>&#8211; <strong>Rectificaci\u00f3n<\/strong>: solicitar la correcci\u00f3n de datos inexactos.<br>&#8211; <strong>Supresi\u00f3n<\/strong>: pedir la eliminaci\u00f3n de tus datos.<br>&#8211; <strong>Limitaci\u00f3n del tratamiento<\/strong>.<br>&#8211; <strong>Oposici\u00f3n<\/strong>.<br>&#8211; <strong>Portabilidad<\/strong>.<br>&#8211; <strong>Derecho a presentar una reclamaci\u00f3n<\/strong> ante la autoridad de control competente.<br><br>Los interesados podr\u00e1n ejercitar los derechos indicados, dirigi\u00e9ndose al Responsable del Tratamiento, mediante escrito, remitido a la siguiente direcci\u00f3n: contacto@barico2.com en la l\u00ednea de Asunto el derecho que se desea ejercitar.<br><br>En este sentido, el Responsable del Tratamiento atender\u00e1 su solicitud a la mayor brevedad posible y teniendo en cuenta los plazos previstos en la normativa en materia de protecci\u00f3n de datos.<\/p>\n\n\n\n<h2 class=\"wp-block-heading\">10. Seguridad de los datos<\/h2>\n\n\n\n<p>BaricO2 adopta las medidas t\u00e9cnicas y organizativas necesarias para garantizar la seguridad, confidencialidad e integridad de la informaci\u00f3n personal, evitando su p\u00e9rdida, alteraci\u00f3n, uso indebido o acceso no autorizado.<\/p>\n\n\n\n<h2 class=\"wp-block-heading\">11. Pol\u00edtica de Cookies<\/h2>\n\n\n\n<p>Este sitio web utiliza cookies. Puedes consultar la informaci\u00f3n detallada en nuestra <a href=\"https:\/\/barico2.com\/en\/politica-de-cookies\/\" data-type=\"page\" data-id=\"1588\">Pol\u00edtica de Cookies<\/a>.<\/p>\n\n\n\n<div style=\"height:100px\" aria-hidden=\"true\" class=\"wp-block-spacer\"><\/div>\n\n\n\n<p><em>La pol\u00edtica de privacidad se actualiz\u00f3 por \u00faltima vez el 14 de octubre de 2025<\/em><\/p>","protected":false},"excerpt":{"rendered":"<p>La presente Pol\u00edtica de Privacidad ha sido desarrollada teniendo en cuenta lo dispuesto por la Ley Org\u00e1nica 3\/2018, de 5 de diciembre, de Protecci\u00f3n de Datos Personales y Garant\u00eda de los Derechos Digitales (LOPDGDD), as\u00ed como por el Reglamento 2016\/679 del Parlamento Europeo y del consejo del 27 de abril de 2016 relativo a la [&hellip;]<\/p>\n","protected":false},"author":4,"featured_media":0,"parent":0,"menu_order":0,"comment_status":"closed","ping_status":"closed","template":"","meta":{"_et_pb_use_builder":"","_et_pb_old_content":"","_et_gb_content_width":"","_uag_custom_page_level_css":"","site-sidebar-layout":"default","site-content-layout":"","ast-site-content-layout":"default","site-content-style":"default","site-sidebar-style":"default","ast-global-header-display":"","ast-banner-title-visibility":"","ast-main-header-display":"","ast-hfb-above-header-display":"","ast-hfb-below-header-display":"","ast-hfb-mobile-header-display":"","site-post-title":"","ast-breadcrumbs-content":"","ast-featured-img":"","footer-sml-layout":"","ast-disable-related-posts":"","theme-transparent-header-meta":"","adv-header-id-meta":"","stick-header-meta":"","header-above-stick-meta":"","header-main-stick-meta":"","header-below-stick-meta":"","astra-migrate-meta-layouts":"set","ast-page-background-enabled":"default","ast-page-background-meta":{"desktop":{"background-color":"var(--ast-global-color-4)","background-image":"","background-repeat":"repeat","background-position":"center center","background-size":"auto","background-attachment":"scroll","background-type":"","background-media":"","overlay-type":"","overlay-color":"","overlay-opacity":"","overlay-gradient":""},"tablet":{"background-color":"","background-image":"","background-repeat":"repeat","background-position":"center center","background-size":"auto","background-attachment":"scroll","background-type":"","background-media":"","overlay-type":"","overlay-color":"","overlay-opacity":"","overlay-gradient":""},"mobile":{"background-color":"","background-image":"","background-repeat":"repeat","background-position":"center center","background-size":"auto","background-attachment":"scroll","background-type":"","background-media":"","overlay-type":"","overlay-color":"","overlay-opacity":"","overlay-gradient":""}},"ast-content-background-meta":{"desktop":{"background-color":"var(--ast-global-color-5)","background-image":"","background-repeat":"repeat","background-position":"center center","background-size":"auto","background-attachment":"scroll","background-type":"","background-media":"","overlay-type":"","overlay-color":"","overlay-opacity":"","overlay-gradient":""},"tablet":{"background-color":"var(--ast-global-color-5)","background-image":"","background-repeat":"repeat","background-position":"center center","background-size":"auto","background-attachment":"scroll","background-type":"","background-media":"","overlay-type":"","overlay-color":"","overlay-opacity":"","overlay-gradient":""},"mobile":{"background-color":"var(--ast-global-color-5)","background-image":"","background-repeat":"repeat","background-position":"center center","background-size":"auto","background-attachment":"scroll","background-type":"","background-media":"","overlay-type":"","overlay-color":"","overlay-opacity":"","overlay-gradient":""}},"footnotes":""},"class_list":["post-1557","page","type-page","status-publish","hentry"],"_hostinger_reach_plugin_has_subscription_block":false,"_hostinger_reach_plugin_is_elementor":false,"uagb_featured_image_src":{"full":false,"thumbnail":false,"medium":false,"medium_large":false,"large":false,"1536x1536":false,"2048x2048":false,"trp-custom-language-flag":false,"et-pb-post-main-image":false,"et-pb-post-main-image-fullwidth":false,"et-pb-portfolio-image":false,"et-pb-portfolio-module-image":false,"et-pb-portfolio-image-single":false,"et-pb-gallery-module-image-portrait":false},"uagb_author_info":{"display_name":"BaricO2","author_link":"https:\/\/barico2.com\/en\/author\/contactobarico2-com\/"},"uagb_comment_info":0,"uagb_excerpt":"La presente Pol\u00edtica de Privacidad ha sido desarrollada teniendo en cuenta lo dispuesto por la Ley Org\u00e1nica 3\/2018, de 5 de diciembre, de Protecci\u00f3n de Datos Personales y Garant\u00eda de los Derechos Digitales (LOPDGDD), as\u00ed como por el Reglamento 2016\/679 del Parlamento Europeo y del consejo del 27 de abril de 2016 relativo a la&hellip;","_links":{"self":[{"href":"https:\/\/barico2.com\/en\/wp-json\/wp\/v2\/pages\/1557","targetHints":{"allow":["GET"]}}],"collection":[{"href":"https:\/\/barico2.com\/en\/wp-json\/wp\/v2\/pages"}],"about":[{"href":"https:\/\/barico2.com\/en\/wp-json\/wp\/v2\/types\/page"}],"author":[{"embeddable":true,"href":"https:\/\/barico2.com\/en\/wp-json\/wp\/v2\/users\/4"}],"replies":[{"embeddable":true,"href":"https:\/\/barico2.com\/en\/wp-json\/wp\/v2\/comments?post=1557"}],"version-history":[{"count":8,"href":"https:\/\/barico2.com\/en\/wp-json\/wp\/v2\/pages\/1557\/revisions"}],"predecessor-version":[{"id":1876,"href":"https:\/\/barico2.com\/en\/wp-json\/wp\/v2\/pages\/1557\/revisions\/1876"}],"wp:attachment":[{"href":"https:\/\/barico2.com\/en\/wp-json\/wp\/v2\/media?parent=1557"}],"curies":[{"name":"wp","href":"https:\/\/api.w.org\/{rel}","templated":true}]}}