{"id":1535,"date":"2025-09-16T12:27:42","date_gmt":"2025-09-16T10:27:42","guid":{"rendered":"https:\/\/barico2.com\/?page_id=1535"},"modified":"2026-03-12T12:38:22","modified_gmt":"2026-03-12T10:38:22","slug":"preguntas-frecuentes-terapia-hiperbarica","status":"publish","type":"page","link":"https:\/\/barico2.com\/en\/preguntas-frecuentes-terapia-hiperbarica\/","title":{"rendered":"Frequently asked questions"},"content":{"rendered":"<div class=\"wp-block-uagb-container uagb-block-633ebf0c alignfull uagb-is-root-container\"><div class=\"uagb-container-inner-blocks-wrap\">\n<div class=\"wp-block-uagb-advanced-heading uagb-block-62fbb34c\"><h1 class=\"uagb-heading-text\">Preguntas frecuentes terapia hiperbarica<\/h1><\/div>\n<\/div><\/div>\n\n\n\n<div class=\"wp-block-uagb-info-box uagb-block-81722065 uagb-infobox__content-wrap  uagb-infobox-icon-above-title uagb-infobox-image-valign-top\"><div class=\"uagb-ifb-content\"><div class=\"uagb-ifb-icon-wrap\"><svg xmlns=\"https:\/\/www.w3.org\/2000\/svg\" viewbox=\"0 0 256 512\"><path d=\"M256 448c0 17.67-14.33 32-32 32H32c-17.67 0-32-14.33-32-32s14.33-32 32-32h64V123.8L49.75 154.6C35.02 164.5 15.19 160.4 5.375 145.8C-4.422 131.1-.4531 111.2 14.25 101.4l96-64c9.828-6.547 22.45-7.187 32.84-1.594C153.5 41.37 160 52.22 160 64.01v352h64C241.7 416 256 430.3 256 448z\"><\/path><\/svg><\/div><div class=\"uagb-ifb-title-wrap\"><h3 class=\"uagb-ifb-title\">What is a hyperbaric chamber?<\/h3><\/div><p class=\"uagb-ifb-desc\">Una c\u00e1mara hiperb\u00e1rica es un dispositivo m\u00e9dico en forma de c\u00e1psula presurizada donde el paciente respira ox\u00edgeno a una presi\u00f3n superior a la atmosf\u00e9rica. En BaricO2 utilizamos la c\u00e1mara Revitalair\u00ae 430, que trabaja a 1,45 ATA. Esto permite un tratamiento eficaz, c\u00f3modo y seguro, sin los riesgos de presiones m\u00e1s altas.<\/p><\/div><\/div>\n\n\n\n<div class=\"wp-block-uagb-info-box uagb-block-a41e49de uagb-infobox__content-wrap  uagb-infobox-icon-above-title uagb-infobox-image-valign-top\"><div class=\"uagb-ifb-content\"><div class=\"uagb-ifb-icon-wrap\"><svg xmlns=\"https:\/\/www.w3.org\/2000\/svg\" viewbox=\"0 0 320 512\"><path d=\"M320 448c0 17.67-14.33 32-32 32H32c-13.08 0-24.83-7.953-29.7-20.09c-4.859-12.12-1.859-26 7.594-35.03l193.6-185.1c31.36-30.17 33.95-80 5.812-113.4c-14.91-17.69-35.86-28.12-58.97-29.38C127.4 95.83 105.3 103.9 88.53 119.9L53.52 151.7c-13.08 11.91-33.33 10.89-45.2-2.172C-3.563 136.5-2.594 116.2 10.48 104.3l34.45-31.3c28.67-27.34 68.39-42.11 108.9-39.88c40.33 2.188 78.39 21.16 104.4 52.03c49.8 59.05 45.2 147.3-10.45 200.8l-136 130H288C305.7 416 320 430.3 320 448z\"><\/path><\/svg><\/div><div class=\"uagb-ifb-title-wrap\"><h3 class=\"uagb-ifb-title\">What is hyperbaric therapy for?<\/h3><\/div><p class=\"uagb-ifb-desc\">Hyperbaric oxygen therapy stimulates tissue oxygenation, promoting healing, reducing inflammation and improving cellular performance. It is used as a complement in the treatment of <strong>muscle or joint injuries<\/strong>, <strong>chronic pain<\/strong> or <strong>fibromyalgia<\/strong>, <strong>fatigue<\/strong> or <strong>post-COVID sindrome<\/strong>, <strong>diabetic foot and ulcers<\/strong>, <strong>migraines<\/strong> or <strong>mild neurological disorders<\/strong>, <strong>oxidative stress<\/strong> and <strong>cellular aging<\/strong>, among others.<\/p><\/div><\/div>\n\n\n\n<div class=\"wp-block-uagb-info-box uagb-block-cc069994 uagb-infobox__content-wrap  uagb-infobox-icon-above-title uagb-infobox-image-valign-top\"><div class=\"uagb-ifb-content\"><div class=\"uagb-ifb-icon-wrap\"><svg xmlns=\"https:\/\/www.w3.org\/2000\/svg\" viewbox=\"0 0 320 512\"><path d=\"M320 344c0 74.98-61.02 136-136 136H103.6c-46.34 0-87.31-29.53-101.1-73.48c-5.594-16.77 3.484-34.88 20.25-40.47c16.75-5.609 34.89 3.484 40.47 20.25c5.922 17.77 22.48 29.7 41.23 29.7H184c39.7 0 72-32.3 72-72s-32.3-72-72-72H80c-13.2 0-25.05-8.094-29.83-20.41C45.39 239.3 48.66 225.3 58.38 216.4l131.4-120.4H32c-17.67 0-32-14.33-32-32s14.33-32 32-32h240c13.2 0 25.05 8.094 29.83 20.41c4.781 12.3 1.516 26.27-8.203 35.19l-131.4 120.4H184C258.1 208 320 269 320 344z\"><\/path><\/svg><\/div><div class=\"uagb-ifb-title-wrap\"><h3 class=\"uagb-ifb-title\">What is a typical session like?<\/h3><\/div><p class=\"uagb-ifb-desc\">Each session lasts <strong>entre 45 y 60 minutos<\/strong>. El procedimiento se realiza tumbado en la camilla dentro de la c\u00e1mara hiperb\u00e1rica y respirando aire enriquecido de ox\u00edgeno a trav\u00e9s de una mascarilla. Durante el tratamiento se puede leer, escuchar m\u00fasica o simplemente relajarse. La presi\u00f3n aumenta de forma progresiva y siempre contar\u00e1s con un t\u00e9cnico que te acompa\u00f1a. Durante todo el proceso estas monitorizado, con comunicaci\u00f3n constante con el personal y la c\u00e1mara permite la salida en todo momento.<\/p><\/div><\/div>\n\n\n\n<div class=\"wp-block-uagb-info-box uagb-block-681e708f uagb-infobox__content-wrap  uagb-infobox-icon-above-title uagb-infobox-image-valign-top\"><div class=\"uagb-ifb-content\"><div class=\"uagb-ifb-icon-wrap\"><svg xmlns=\"https:\/\/www.w3.org\/2000\/svg\" viewbox=\"0 0 384 512\"><path d=\"M384 334.2c0 17.67-14.33 32-32 32h-32v81.78c0 17.67-14.33 32-32 32s-32-14.33-32-32v-81.78H32c-10.97 0-21.17-5.625-27.05-14.89c-5.859-9.266-6.562-20.89-1.875-30.81l128-270.2C138.6 34.33 157.8 27.56 173.7 35.09c15.97 7.562 22.78 26.66 15.22 42.63L82.56 302.2H256V160c0-17.67 14.33-32 32-32s32 14.33 32 32v142.2h32C369.7 302.2 384 316.6 384 334.2z\"><\/path><\/svg><\/div><div class=\"uagb-ifb-title-wrap\"><h3 class=\"uagb-ifb-title\">Is it safe? Does it have side effects?<\/h3><\/div><p class=\"uagb-ifb-desc\">Of course! The Revitalair 430 camera works at low pressures, so it is <strong>extremely safe<\/strong>. Algunas personas pueden sentir una ligera presi\u00f3n en los o\u00eddos, similar a la que se experimenta al despegar en un avi\u00f3n, que se resuelve f\u00e1cilmente con maniobras de compensaci\u00f3n (como tragar o bostezar). Los efectos secundarios aunque raros son leves, y suelen ser molestias, sensaciones de taponamiento o congesti\u00f3n en o\u00eddos que se resuelven unas horas despu\u00e9s de la terapia.<\/p><\/div><\/div>\n\n\n\n<div class=\"wp-block-uagb-info-box uagb-block-9368ba61 uagb-infobox__content-wrap  uagb-infobox-icon-above-title uagb-infobox-image-valign-top\"><div class=\"uagb-ifb-content\"><div class=\"uagb-ifb-icon-wrap\"><svg xmlns=\"https:\/\/www.w3.org\/2000\/svg\" viewbox=\"0 0 320 512\"><path d=\"M320 344.6c0 74.66-60.73 135.4-135.4 135.4H104.7c-46.81 0-88.22-29.83-103-74.23c-5.594-16.77 3.469-34.89 20.23-40.48c16.83-5.625 34.91 3.469 40.48 20.23c6.078 18.23 23.08 30.48 42.3 30.48h79.95c39.36 0 71.39-32.03 71.39-71.39s-32.03-71.38-71.39-71.38H32c-9.484 0-18.47-4.203-24.56-11.48C1.359 254.5-1.172 244.9 .5156 235.6l32-177.2C35.27 43.09 48.52 32.01 64 32.01l192 .0049c17.67 0 32 14.33 32 32s-14.33 32-32 32H90.73L70.3 209.2h114.3C259.3 209.2 320 269.1 320 344.6z\"><\/path><\/svg><\/div><div class=\"uagb-ifb-title-wrap\"><h3 class=\"uagb-ifb-title\">How many sessions do I need?<\/h3><\/div><p class=\"uagb-ifb-desc\">It will depend on your condition and the goals of treatment. They are generally recommended <strong>between 10 and 20 sessions<\/strong>, que se valorar\u00e1n de forma personalizada tras una evaluaci\u00f3n m\u00e9dica inicial. Pasado un tiempo y seg\u00fan los resultados se pueden repetir con seguridad absoluta. En general es esperable empezar a notar resultados a partir de la 5\u00ba sesi\u00f3n.<\/p><\/div><\/div>\n\n\n\n<div class=\"wp-block-uagb-info-box uagb-block-a3978c2b uagb-infobox__content-wrap  uagb-infobox-icon-above-title uagb-infobox-image-valign-top\"><div class=\"uagb-ifb-content\"><div class=\"uagb-ifb-icon-wrap\"><svg xmlns=\"https:\/\/www.w3.org\/2000\/svg\" viewbox=\"0 0 320 512\"><path d=\"M167.7 160.8l64.65-76.06c11.47-13.45 9.812-33.66-3.656-45.09C222.7 34.51 215.3 32.01 208 32.01c-9.062 0-18.06 3.833-24.38 11.29C38.07 214.5 0 245.5 0 320c0 88.22 71.78 160 160 160s160-71.78 160-160C320 234.4 252.3 164.9 167.7 160.8zM160 416c-52.94 0-96-43.06-96-96s43.06-95.1 96-95.1s96 43.06 96 95.1S212.9 416 160 416z\"><\/path><\/svg><\/div><div class=\"uagb-ifb-title-wrap\"><h3 class=\"uagb-ifb-title\">\u00bfPuedo combinar la terapia hiperb\u00e1rica con otros tratamientos?<\/h3><\/div><p class=\"uagb-ifb-desc\">S\u00ed, la oxigenoterapia hiperb\u00e1rica es complementaria. Puede combinarse con tratamientos fisioterap\u00e9uticos, est\u00e9ticos, m\u00e9dicos, nutricionales o de rehabilitaci\u00f3n. Tambi\u00e9n es muy util como complemento al entrenamiento f\u00edsico para aumentar la capacidad deportiva y acelerar la recuperaci\u00f3n.<\/p><\/div><\/div>\n\n\n\n<div class=\"wp-block-uagb-info-box uagb-block-dbc13fa1 uagb-infobox__content-wrap  uagb-infobox-icon-above-title uagb-infobox-image-valign-top\"><div class=\"uagb-ifb-content\"><div class=\"uagb-ifb-icon-wrap\"><svg xmlns=\"https:\/\/www.w3.org\/2000\/svg\" viewbox=\"0 0 320 512\"><path d=\"M315.6 80.14l-224 384c-5.953 10.19-16.66 15.88-27.67 15.88c-5.469 0-11.02-1.406-16.09-4.359c-15.27-8.906-20.42-28.5-11.52-43.77l195.9-335.9H32c-17.67 0-32-14.33-32-32s14.33-32 32-32h256c11.45 0 22.05 6.125 27.75 16.06S321.4 70.23 315.6 80.14z\"><\/path><\/svg><\/div><div class=\"uagb-ifb-title-wrap\"><h3 class=\"uagb-ifb-title\">Who can't use the hyperbaric chamber?<\/h3><\/div><p class=\"uagb-ifb-desc\">It is contraindicated in people with <strong>acute respiratory infections<\/strong>, <strong>neumothorax in the treated<\/strong> or <strong>lung bullae<\/strong>, <strong>severe claustrophobia<\/strong> and <strong>recent ear or sinus surgeries<\/strong>. We always do one <strong>prior evaluation <\/strong>para garantizar tu seguridad.<\/p><\/div><\/div>\n\n\n\n<div class=\"wp-block-uagb-info-box uagb-block-e8bddc56 uagb-infobox__content-wrap  uagb-infobox-icon-above-title uagb-infobox-image-valign-top\"><div class=\"uagb-ifb-content\"><div class=\"uagb-ifb-icon-wrap\"><svg xmlns=\"https:\/\/www.w3.org\/2000\/svg\" viewbox=\"0 0 320 512\"><path d=\"M267.5 249.2C290 226.1 304 194.7 304 160c0-70.58-57.42-128-128-128h-32c-70.58 0-128 57.42-128 128c0 34.7 13.99 66.12 36.48 89.19C20.83 272.5 0 309.8 0 352c0 70.58 57.42 128 128 128h64c70.58 0 128-57.42 128-128C320 309.8 299.2 272.5 267.5 249.2zM144 96.01h32c35.3 0 64 28.7 64 64s-28.7 64-64 64h-32c-35.3 0-64-28.7-64-64S108.7 96.01 144 96.01zM192 416H128c-35.3 0-64-28.7-64-64s28.7-64 64-64h64c35.3 0 64 28.7 64 64S227.3 416 192 416z\"><\/path><\/svg><\/div><div class=\"uagb-ifb-title-wrap\"><h3 class=\"uagb-ifb-title\">\u00bfQu\u00e9 debo llevar a la sesi\u00f3n? \u00bfC\u00f3mo reservo la primera cita?<\/h3><\/div><p class=\"uagb-ifb-desc\">Just <strong>comfortable clothes.<\/strong> No se permite entrar con objetos met\u00e1licos, cortantes o punzantes, dispositivos electr\u00f3nicos grandes o cosm\u00e9ticos. Antes de tu primera sesi\u00f3n te <strong>we will explain you everything in detail<\/strong>. To book your first session you just have to <strong>ask for an appointment<\/strong> through our <strong>contact page<\/strong>, by <strong>phone<\/strong>, <strong>WhatsApp<\/strong> or <strong>just visiting our center<\/strong>.<\/p><\/div><\/div>\n\n\n\n<div class=\"wp-block-uagb-info-box uagb-block-d0a32827 uagb-infobox__content-wrap  uagb-infobox-icon-above-title uagb-infobox-image-valign-top\"><div class=\"uagb-ifb-content\"><div class=\"uagb-ifb-icon-wrap\"><svg xmlns=\"https:\/\/www.w3.org\/2000\/svg\" viewbox=\"0 0 320 512\"><path d=\"M160 32.01c-88.22 0-160 71.78-160 160c0 85.57 67.71 155.1 152.3 159.2l-64.65 76.06c-11.47 13.45-9.812 33.66 3.656 45.09c6 5.125 13.38 7.62 20.72 7.62c9.062 0 18.06-3.823 24.38-11.28C281.9 297.5 320 266.6 320 192C320 103.8 248.2 32.01 160 32.01zM160 288c-52.94 0-96-43.06-96-95.1s43.06-96 96-96s96 43.06 96 96S212.9 288 160 288z\"><\/path><\/svg><\/div><div class=\"uagb-ifb-title-wrap\"><h3 class=\"uagb-ifb-title\">Is it covered by health or mutual insurance?<\/h3><\/div><p class=\"uagb-ifb-desc\">Currently, most mutual insurance companies do not cover hyperbaric oxygen therapy in their standard plans, although it can be deducted as a health expense.<br>If you need it, <strong>we help you<\/strong> with the documentation.<\/p><\/div><\/div>\n\n\n\n<div class=\"wp-block-uagb-image uagb-block-d8f1f6f2 wp-block-uagb-image--layout-default wp-block-uagb-image--effect-static wp-block-uagb-image--align-none\"><figure class=\"wp-block-uagb-image__figure\"><img decoding=\"async\" srcset=\"https:\/\/barico2.com\/wp-content\/uploads\/2025\/09\/photo9-1024x576.png ,https:\/\/barico2.com\/wp-content\/uploads\/2025\/09\/photo9.png 780w, https:\/\/barico2.com\/wp-content\/uploads\/2025\/09\/photo9.png 360w\" sizes=\"(max-width: 480px) 150px\" src=\"https:\/\/barico2.com\/wp-content\/uploads\/2025\/09\/photo9-1024x576.png\" alt=\"preguntas frecuentes terapia hiperbarica camara hiperbarica\" class=\"uag-image-1451\" width=\"606\" height=\"341\" title=\"photo9\" loading=\"lazy\" role=\"img\"\/><\/figure><\/div>\n\n\n\n<div class=\"wp-block-uagb-container uagb-block-8369b6f8 alignfull uagb-is-root-container\"><div class=\"uagb-container-inner-blocks-wrap\">\n<div class=\"wp-block-uagb-container uagb-block-1baa659e\">\n<div class=\"wp-block-uagb-info-box uagb-block-ca97b674 uagb-infobox__content-wrap  uagb-infobox-icon-left uagb-infobox-left uagb-infobox-stacked-mobile uagb-infobox-image-valign-top wp-block-uagb-info-box--has-margin\"><div class=\"uagb-infobox-margin-wrapper\"><div class=\"uagb-ifb-icon-wrap\"><div class=\"uagb-iconbox-icon-wrap uagb-infobox-shape-circle\"><svg xmlns=\"https:\/\/www.w3.org\/2000\/svg\" viewbox=\"0 0 512 512\"><path d=\"M511.2 387l-23.25 100.8c-3.266 14.25-15.79 24.22-30.46 24.22C205.2 512 0 306.8 0 54.5c0-14.66 9.969-27.2 24.22-30.45l100.8-23.25C139.7-2.602 154.7 5.018 160.8 18.92l46.52 108.5c5.438 12.78 1.77 27.67-8.98 36.45L144.5 207.1c33.98 69.22 90.26 125.5 159.5 159.5l44.08-53.8c8.688-10.78 23.69-14.51 36.47-8.975l108.5 46.51C506.1 357.2 514.6 372.4 511.2 387z\"><\/path><\/svg><\/div><\/div><div class=\"uagb-ifb-content\"><div class=\"uagb-ifb-title-wrap\"><h5 class=\"uagb-ifb-title\">Call now at<br>946 290 101<\/h5><\/div><\/div><\/div><\/div>\n<\/div>\n\n\n\n<div class=\"wp-block-uagb-container uagb-block-7cd1c773\">\n<div class=\"wp-block-uagb-info-box uagb-block-e2ee226c uagb-infobox__content-wrap  uagb-infobox-icon-left uagb-infobox-left uagb-infobox-stacked-mobile uagb-infobox-image-valign-top\"><div class=\"uagb-ifb-icon-wrap\"><div class=\"uagb-iconbox-icon-wrap uagb-infobox-shape-circle\"><svg xmlns=\"https:\/\/www.w3.org\/2000\/svg\" viewbox=\"0 0 384 512\"><path d=\"M168.3 499.2C116.1 435 0 279.4 0 192C0 85.96 85.96 0 192 0C298 0 384 85.96 384 192C384 279.4 267 435 215.7 499.2C203.4 514.5 180.6 514.5 168.3 499.2H168.3zM192 256C227.3 256 256 227.3 256 192C256 156.7 227.3 128 192 128C156.7 128 128 156.7 128 192C128 227.3 156.7 256 192 256z\"><\/path><\/svg><\/div><\/div><div class=\"uagb-ifb-content\"><div class=\"uagb-ifb-title-wrap\"><h5 class=\"uagb-ifb-title\">Blas de Otero, 9B, Deusto<br>Bilbao. CP: 48014<\/h5><\/div><\/div><\/div>\n<\/div>\n\n\n\n<div class=\"wp-block-uagb-container uagb-block-e4d50553\">\n<div class=\"wp-block-buttons is-content-justification-center is-layout-flex wp-container-core-buttons-is-layout-a89b3969 wp-block-buttons-is-layout-flex\">\n<div class=\"wp-block-button\"><a class=\"wp-block-button__link has-ast-global-color-0-color has-ast-global-color-5-background-color has-text-color has-background has-link-color has-medium-font-size has-custom-font-size wp-element-button\" href=\"https:\/\/www.docfav.com\/profesional\/jorge-mora-2\" style=\"border-top-left-radius:50px;border-top-right-radius:50px;border-bottom-left-radius:50px;border-bottom-right-radius:50px\" target=\"_blank\" rel=\"noopener\">Book a session now!<\/a><\/div>\n<\/div>\n<\/div>\n<\/div><\/div>\n\n\n\n<p><\/p>","protected":false},"excerpt":{"rendered":"<p>Preguntas frecuentes terapia hiperbarica<\/p>","protected":false},"author":4,"featured_media":0,"parent":0,"menu_order":0,"comment_status":"closed","ping_status":"closed","template":"","meta":{"_et_pb_use_builder":"","_et_pb_old_content":"","_et_gb_content_width":"","_uag_custom_page_level_css":"","site-sidebar-layout":"no-sidebar","site-content-layout":"plain-container","ast-site-content-layout":"normal-width-container","site-content-style":"unboxed","site-sidebar-style":"unboxed","ast-global-header-display":"","ast-banner-title-visibility":"","ast-main-header-display":"","ast-hfb-above-header-display":"","ast-hfb-below-header-display":"","ast-hfb-mobile-header-display":"","site-post-title":"disabled","ast-breadcrumbs-content":"","ast-featured-img":"disabled","footer-sml-layout":"","ast-disable-related-posts":"","theme-transparent-header-meta":"enabled","adv-header-id-meta":"","stick-header-meta":"","header-above-stick-meta":"","header-main-stick-meta":"","header-below-stick-meta":"","astra-migrate-meta-layouts":"set","ast-page-background-enabled":"default","ast-page-background-meta":{"desktop":{"background-color":"var(--ast-global-color-4)","background-image":"","background-repeat":"repeat","background-position":"center center","background-size":"auto","background-attachment":"scroll","background-type":"","background-media":"","overlay-type":"","overlay-color":"","overlay-opacity":"","overlay-gradient":""},"tablet":{"background-color":"","background-image":"","background-repeat":"repeat","background-position":"center center","background-size":"auto","background-attachment":"scroll","background-type":"","background-media":"","overlay-type":"","overlay-color":"","overlay-opacity":"","overlay-gradient":""},"mobile":{"background-color":"","background-image":"","background-repeat":"repeat","background-position":"center center","background-size":"auto","background-attachment":"scroll","background-type":"","background-media":"","overlay-type":"","overlay-color":"","overlay-opacity":"","overlay-gradient":""}},"ast-content-background-meta":{"desktop":{"background-color":"var(--ast-global-color-5)","background-image":"","background-repeat":"repeat","background-position":"center center","background-size":"auto","background-attachment":"scroll","background-type":"","background-media":"","overlay-type":"","overlay-color":"","overlay-opacity":"","overlay-gradient":""},"tablet":{"background-color":"var(--ast-global-color-5)","background-image":"","background-repeat":"repeat","background-position":"center center","background-size":"auto","background-attachment":"scroll","background-type":"","background-media":"","overlay-type":"","overlay-color":"","overlay-opacity":"","overlay-gradient":""},"mobile":{"background-color":"var(--ast-global-color-5)","background-image":"","background-repeat":"repeat","background-position":"center center","background-size":"auto","background-attachment":"scroll","background-type":"","background-media":"","overlay-type":"","overlay-color":"","overlay-opacity":"","overlay-gradient":""}},"footnotes":""},"class_list":["post-1535","page","type-page","status-publish","hentry"],"_hostinger_reach_plugin_has_subscription_block":false,"_hostinger_reach_plugin_is_elementor":false,"uagb_featured_image_src":{"full":false,"thumbnail":false,"medium":false,"medium_large":false,"large":false,"1536x1536":false,"2048x2048":false,"trp-custom-language-flag":false,"et-pb-post-main-image":false,"et-pb-post-main-image-fullwidth":false,"et-pb-portfolio-image":false,"et-pb-portfolio-module-image":false,"et-pb-portfolio-image-single":false,"et-pb-gallery-module-image-portrait":false},"uagb_author_info":{"display_name":"BaricO2","author_link":"https:\/\/barico2.com\/en\/author\/contactobarico2-com\/"},"uagb_comment_info":0,"uagb_excerpt":"Preguntas frecuentes terapia hiperbarica","_links":{"self":[{"href":"https:\/\/barico2.com\/en\/wp-json\/wp\/v2\/pages\/1535","targetHints":{"allow":["GET"]}}],"collection":[{"href":"https:\/\/barico2.com\/en\/wp-json\/wp\/v2\/pages"}],"about":[{"href":"https:\/\/barico2.com\/en\/wp-json\/wp\/v2\/types\/page"}],"author":[{"embeddable":true,"href":"https:\/\/barico2.com\/en\/wp-json\/wp\/v2\/users\/4"}],"replies":[{"embeddable":true,"href":"https:\/\/barico2.com\/en\/wp-json\/wp\/v2\/comments?post=1535"}],"version-history":[{"count":21,"href":"https:\/\/barico2.com\/en\/wp-json\/wp\/v2\/pages\/1535\/revisions"}],"predecessor-version":[{"id":1887,"href":"https:\/\/barico2.com\/en\/wp-json\/wp\/v2\/pages\/1535\/revisions\/1887"}],"wp:attachment":[{"href":"https:\/\/barico2.com\/en\/wp-json\/wp\/v2\/media?parent=1535"}],"curies":[{"name":"wp","href":"https:\/\/api.w.org\/{rel}","templated":true}]}}