{"id":1510,"date":"2025-09-15T17:51:28","date_gmt":"2025-09-15T15:51:28","guid":{"rendered":"https:\/\/barico2.com\/?page_id=1510"},"modified":"2026-03-12T12:36:18","modified_gmt":"2026-03-12T10:36:18","slug":"que-es-terapia-hiperbarica","status":"publish","type":"page","link":"https:\/\/barico2.com\/en\/que-es-terapia-hiperbarica\/","title":{"rendered":"What is it?"},"content":{"rendered":"<div class=\"wp-block-uagb-container uagb-block-633ebf0c alignfull uagb-is-root-container\"><div class=\"uagb-container-inner-blocks-wrap\">\n<div class=\"wp-block-uagb-advanced-heading uagb-block-62fbb34c\"><h1 class=\"uagb-heading-text\">What is hyperbaric therapy?<\/h1><\/div>\n<\/div><\/div>\n\n\n\n<div style=\"height:61px\" aria-hidden=\"true\" class=\"wp-block-spacer\"><\/div>\n\n\n\n<p class=\"has-text-align-center has-medium-font-size\">La terapia hiperb\u00e1rica de baja presi\u00f3n es un tratamiento no invasivo que consiste en respirar aire con una mayor concentraci\u00f3n de ox\u00edgeno dentro de una c\u00e1mara especialmente dise\u00f1ada para alcanzar presiones de hasta 1,45 ATA, permitiendo aumentar el ox\u00edgeno diluido en el plasma sangu\u00edneo y esto consigue una mayor disponibilidad del ox\u00edgeno para los \u00f3rganos y tejidos.<\/p>\n\n\n\n<p class=\"has-text-align-center has-medium-font-size\">La oxigenoterapia hiperb\u00e1rica se utiliza como una terapia complementaria para mejorar el bienestar general y combatir los efectos de la hipoxia.<\/p>\n\n\n\n<div class=\"wp-block-uagb-container uagb-layout-grid uagb-block-d9ed58c2 alignfull uagb-is-root-container\"><div class=\"uagb-container-inner-blocks-wrap\">\n<div class=\"wp-block-uagb-image uagb-block-4cf309c7 wp-block-uagb-image--layout-default wp-block-uagb-image--effect-static wp-block-uagb-image--align-none\"><figure class=\"wp-block-uagb-image__figure\"><img decoding=\"async\" srcset=\"https:\/\/barico2.com\/wp-content\/uploads\/2026\/02\/image2hiperbaric-1024x768.jpeg ,https:\/\/barico2.com\/wp-content\/uploads\/2026\/02\/image2hiperbaric.jpeg 780w, https:\/\/barico2.com\/wp-content\/uploads\/2026\/02\/image2hiperbaric.jpeg 360w\" sizes=\"(max-width: 480px) 150px\" src=\"https:\/\/barico2.com\/wp-content\/uploads\/2026\/02\/image2hiperbaric-1024x768.jpeg\" alt=\"C\u00e1mara hiperb\u00e1rica revitalair 430\" class=\"uag-image-1864\" width=\"800\" height=\"720\" title=\"image2hiperbaric\" loading=\"lazy\" role=\"img\"\/><\/figure><\/div>\n\n\n\n<div class=\"wp-block-uagb-info-box uagb-block-1b32d49f uagb-infobox__content-wrap  uagb-infobox-icon-above-title uagb-infobox-image-valign-top\"><div class=\"uagb-ifb-content\"><div class=\"uagb-ifb-title-wrap\"><h2 class=\"uagb-ifb-title\">We use the Revitalair\u00ae 430 camera<\/h2><\/div><p class=\"uagb-ifb-desc\">La Revitalair\u00ae 430 es una c\u00e1mara hiperb\u00e1rica port\u00e1til de baja presi\u00f3n que trabaja hasta 1,45 ATA. Presuriza el aire ambiente mediante un compresor, y se complementa con un concentrador y una mascarilla de ox\u00edgeno. Est\u00e1 indicada para mejorar la oxigenaci\u00f3n de tejidos, reducir la inflamaci\u00f3n y el dolor y favorecer la recuperaci\u00f3n f\u00edsica.<\/p><\/div><\/div>\n<\/div><\/div>\n\n\n\n<div class=\"wp-block-uagb-container uagb-layout-grid uagb-block-57b3d91a alignfull uagb-is-root-container\"><div class=\"uagb-container-inner-blocks-wrap\">\n<div class=\"wp-block-uagb-image uagb-block-43771326 wp-block-uagb-image--layout-default wp-block-uagb-image--effect-static wp-block-uagb-image--align-none\"><figure class=\"wp-block-uagb-image__figure\"><img decoding=\"async\" srcset=\"https:\/\/barico2.com\/wp-content\/uploads\/2026\/02\/image2entrada-1024x768.jpeg ,https:\/\/barico2.com\/wp-content\/uploads\/2026\/02\/image2entrada-e1771237404434.jpeg 780w, https:\/\/barico2.com\/wp-content\/uploads\/2026\/02\/image2entrada-e1771237404434.jpeg 360w\" sizes=\"(max-width: 480px) 150px\" src=\"https:\/\/barico2.com\/wp-content\/uploads\/2026\/02\/image2entrada-1024x768.jpeg\" alt=\"centro terapia hiperbarica\" class=\"uag-image-1866\" width=\"1970\" height=\"300\" title=\"image2entrada\" loading=\"lazy\" role=\"img\"\/><\/figure><\/div>\n\n\n\n<div class=\"wp-block-uagb-info-box uagb-block-f154063d uagb-infobox__content-wrap  uagb-infobox-icon-above-title uagb-infobox-image-valign-top\"><div class=\"uagb-ifb-content\"><div class=\"uagb-ifb-title-wrap\"><h2 class=\"uagb-ifb-title\">Our center<\/h2><\/div><p class=\"uagb-ifb-desc\">Te ofrecemos un centro con todo lo necesario para una oxigenoterapia hiperb\u00e1rica c\u00f3moda, segura y que permita la recuperaci\u00f3n que tu cuerpo necesita.<\/p><\/div><\/div>\n<\/div><\/div>\n\n\n\n<div class=\"wp-block-uagb-container uagb-layout-grid uagb-block-588b1334 alignfull uagb-is-root-container\"><div class=\"uagb-container-inner-blocks-wrap\">\n<div class=\"wp-block-uagb-image uagb-block-470b133b wp-block-uagb-image--layout-default wp-block-uagb-image--effect-static wp-block-uagb-image--align-none\"><figure class=\"wp-block-uagb-image__figure\"><img decoding=\"async\" srcset=\"https:\/\/barico2.com\/wp-content\/uploads\/2025\/09\/photo8-e1757951387172-300x300.png ,https:\/\/barico2.com\/wp-content\/uploads\/2025\/09\/photo8-e1757951387172.png 780w, https:\/\/barico2.com\/wp-content\/uploads\/2025\/09\/photo8-e1757951387172.png 360w\" sizes=\"(max-width: 480px) 150px\" src=\"https:\/\/barico2.com\/wp-content\/uploads\/2025\/09\/photo8-e1757951387172-300x300.png\" alt=\"terapia hiperb\u00e1rica camara hiperbarica\" class=\"uag-image-1450\" width=\"300\" height=\"300\" title=\"photo8\" loading=\"lazy\" role=\"img\"\/><\/figure><\/div>\n\n\n\n<div class=\"wp-block-uagb-info-box uagb-block-a1cce335 uagb-infobox__content-wrap  uagb-infobox-icon-above-title uagb-infobox-image-valign-top\"><div class=\"uagb-ifb-content\"><div class=\"uagb-ifb-title-wrap\"><h2 class=\"uagb-ifb-title\">What can it be used for?<\/h2><\/div><p class=\"uagb-ifb-desc\">La terapia de oxigenaci\u00f3n se puede usar para mejorar los siguientes aspectos, entre otros:<br>\u2013 Fatigue reduction and better physical recovery<br>\u2013 Improvement of cellular oxygenation and repair processes<br>&#8211; Puede disminuir el dolor y la inflamaci\u00f3n<br>\u2013 General well-being, sleep, mild anxiety<\/p><\/div><\/div>\n<\/div><\/div>\n\n\n\n<div class=\"wp-block-uagb-container uagb-layout-grid uagb-block-fb6d0ba5 alignfull uagb-is-root-container\"><div class=\"uagb-container-inner-blocks-wrap\">\n<div class=\"wp-block-uagb-image uagb-block-2e6ff26f wp-block-uagb-image--layout-default wp-block-uagb-image--effect-static wp-block-uagb-image--align-none\"><figure class=\"wp-block-uagb-image__figure\"><img decoding=\"async\" srcset=\"https:\/\/barico2.com\/wp-content\/uploads\/2026\/01\/07e99802-e989-4fed-adbd-6bfe009b9c30-1-e1771237519461.jpg ,https:\/\/barico2.com\/wp-content\/uploads\/2026\/01\/07e99802-e989-4fed-adbd-6bfe009b9c30-1-e1771237519461.jpg 780w, https:\/\/barico2.com\/wp-content\/uploads\/2026\/01\/07e99802-e989-4fed-adbd-6bfe009b9c30-1-e1771237519461.jpg 360w\" sizes=\"(max-width: 480px) 150px\" src=\"https:\/\/barico2.com\/wp-content\/uploads\/2026\/01\/07e99802-e989-4fed-adbd-6bfe009b9c30-1-e1771237519461.jpg\" alt=\"\" class=\"uag-image-1784\" width=\"800\" height=\"720\" title=\"07e99802-e989-4fed-adbd-6bfe009b9c30\" loading=\"lazy\" role=\"img\"\/><\/figure><\/div>\n\n\n\n<div class=\"wp-block-uagb-info-box uagb-block-d0a90ae9 uagb-infobox__content-wrap  uagb-infobox-icon-above-title uagb-infobox-image-valign-top\"><div class=\"uagb-ifb-content\"><div class=\"uagb-ifb-title-wrap\"><h2 class=\"uagb-ifb-title\">The treatment<\/h2><\/div><p class=\"uagb-ifb-desc\">The treatment lasts approximately <strong>45 a 60 minutos<\/strong>. It is done lying on the stretcher inside the chamber, it is inflated with compressed air and concentrated oxygen is provided through a mask.<br><br>The pressure increases progressively and slowly, you may feel slight pressure in your ears, similar to airplane takeoff and which is easily compensated. It is a comfortable and safe experience. See the section <strong><a href=\"https:\/\/barico2.com\/en\/preguntas-frecuentes-terapia-hiperbarica\/\" data-type=\"page\" data-id=\"1535\">frequently asked questions<\/a><\/strong> for more information.<\/p><\/div><\/div>\n<\/div><\/div>\n\n\n\n<div class=\"wp-block-uagb-separator uagb-block-cf803000\"><div class=\"uagb-separator-spacing-wrapper\"><div class=\"wp-block-uagb-separator__inner\" style=\"--my-background-image:\"><\/div><\/div><\/div>\n\n\n\n<div class=\"wp-block-uagb-advanced-heading uagb-block-ecc07089\"><h2 class=\"uagb-heading-text\">Our associates<\/h2><\/div>\n\n\n\n<div class=\"wp-block-columns is-layout-flex wp-container-core-columns-is-layout-28f84493 wp-block-columns-is-layout-flex\">\n<div class=\"wp-block-column is-layout-flow wp-block-column-is-layout-flow\"><\/div>\n\n\n\n<div class=\"wp-block-column is-layout-flow wp-block-column-is-layout-flow\">\n<figure class=\"wp-block-image aligncenter size-full is-resized\"><a href=\"https:\/\/urologiaclinica.biz\/\" target=\"_blank\" rel=\"noopener\"><img decoding=\"async\" width=\"160\" height=\"30\" src=\"https:\/\/barico2.com\/wp-content\/uploads\/2025\/09\/urologiaClinica.webp\" alt=\"Urolog\u00eda cl\u00ednica\" class=\"wp-image-1457\" style=\"width:235px;height:auto\" srcset=\"https:\/\/barico2.com\/wp-content\/uploads\/2025\/09\/urologiaClinica.webp 160w, https:\/\/barico2.com\/wp-content\/uploads\/2025\/09\/urologiaClinica-18x3.webp 18w\" sizes=\"(max-width: 160px) 100vw, 160px\" \/><\/a><\/figure>\n<\/div>\n\n\n\n<div class=\"wp-block-column is-layout-flow wp-block-column-is-layout-flow\"><\/div>\n<\/div>\n\n\n\n<div class=\"wp-block-uagb-container uagb-block-8369b6f8 alignfull uagb-is-root-container\"><div class=\"uagb-container-inner-blocks-wrap\">\n<div class=\"wp-block-uagb-container uagb-block-1baa659e\">\n<div class=\"wp-block-uagb-info-box uagb-block-ca97b674 uagb-infobox__content-wrap  uagb-infobox-icon-left uagb-infobox-left uagb-infobox-stacked-mobile uagb-infobox-image-valign-top wp-block-uagb-info-box--has-margin\"><div class=\"uagb-infobox-margin-wrapper\"><div class=\"uagb-ifb-icon-wrap\"><div class=\"uagb-iconbox-icon-wrap uagb-infobox-shape-circle\"><svg xmlns=\"https:\/\/www.w3.org\/2000\/svg\" viewbox=\"0 0 512 512\"><path d=\"M511.2 387l-23.25 100.8c-3.266 14.25-15.79 24.22-30.46 24.22C205.2 512 0 306.8 0 54.5c0-14.66 9.969-27.2 24.22-30.45l100.8-23.25C139.7-2.602 154.7 5.018 160.8 18.92l46.52 108.5c5.438 12.78 1.77 27.67-8.98 36.45L144.5 207.1c33.98 69.22 90.26 125.5 159.5 159.5l44.08-53.8c8.688-10.78 23.69-14.51 36.47-8.975l108.5 46.51C506.1 357.2 514.6 372.4 511.2 387z\"><\/path><\/svg><\/div><\/div><div class=\"uagb-ifb-content\"><div class=\"uagb-ifb-title-wrap\"><h5 class=\"uagb-ifb-title\">Call now at<br>946 290 101<\/h5><\/div><\/div><\/div><\/div>\n<\/div>\n\n\n\n<div class=\"wp-block-uagb-container uagb-block-7cd1c773\">\n<div class=\"wp-block-uagb-info-box uagb-block-e2ee226c uagb-infobox__content-wrap  uagb-infobox-icon-left uagb-infobox-left uagb-infobox-stacked-mobile uagb-infobox-image-valign-top\"><div class=\"uagb-ifb-icon-wrap\"><div class=\"uagb-iconbox-icon-wrap uagb-infobox-shape-circle\"><svg xmlns=\"https:\/\/www.w3.org\/2000\/svg\" viewbox=\"0 0 384 512\"><path d=\"M168.3 499.2C116.1 435 0 279.4 0 192C0 85.96 85.96 0 192 0C298 0 384 85.96 384 192C384 279.4 267 435 215.7 499.2C203.4 514.5 180.6 514.5 168.3 499.2H168.3zM192 256C227.3 256 256 227.3 256 192C256 156.7 227.3 128 192 128C156.7 128 128 156.7 128 192C128 227.3 156.7 256 192 256z\"><\/path><\/svg><\/div><\/div><div class=\"uagb-ifb-content\"><div class=\"uagb-ifb-title-wrap\"><h5 class=\"uagb-ifb-title\">Blas de Otero, 9B, Deusto<br>Bilbao. CP: 48014<\/h5><\/div><\/div><\/div>\n<\/div>\n\n\n\n<div class=\"wp-block-uagb-container uagb-block-e4d50553\">\n<div class=\"wp-block-buttons is-content-justification-center is-layout-flex wp-container-core-buttons-is-layout-a89b3969 wp-block-buttons-is-layout-flex\">\n<div class=\"wp-block-button\"><a class=\"wp-block-button__link has-ast-global-color-0-color has-ast-global-color-5-background-color has-text-color has-background has-link-color has-medium-font-size has-custom-font-size wp-element-button\" href=\"https:\/\/www.docfav.com\/profesional\/jorge-mora-2\" style=\"border-top-left-radius:50px;border-top-right-radius:50px;border-bottom-left-radius:50px;border-bottom-right-radius:50px\" target=\"_blank\" rel=\"noopener\">Book a session now!<\/a><\/div>\n<\/div>\n<\/div>\n<\/div><\/div>\n\n\n\n<p><\/p>","protected":false},"excerpt":{"rendered":"<p>\u00bfQu\u00e9 es la terapia hiperb\u00e1rica? La terapia hiperb\u00e1rica de baja presi\u00f3n es un tratamiento no invasivo que consiste en respirar aire con una mayor concentraci\u00f3n de ox\u00edgeno dentro de una c\u00e1mara especialmente dise\u00f1ada para alcanzar presiones de hasta 1,45 ATA, permitiendo aumentar el ox\u00edgeno diluido en el plasma sangu\u00edneo y esto consigue una mayor disponibilidad [&hellip;]<\/p>\n","protected":false},"author":4,"featured_media":0,"parent":0,"menu_order":0,"comment_status":"closed","ping_status":"closed","template":"","meta":{"_et_pb_use_builder":"","_et_pb_old_content":"","_et_gb_content_width":"","_uag_custom_page_level_css":"","site-sidebar-layout":"no-sidebar","site-content-layout":"plain-container","ast-site-content-layout":"normal-width-container","site-content-style":"unboxed","site-sidebar-style":"unboxed","ast-global-header-display":"","ast-banner-title-visibility":"","ast-main-header-display":"","ast-hfb-above-header-display":"","ast-hfb-below-header-display":"","ast-hfb-mobile-header-display":"","site-post-title":"disabled","ast-breadcrumbs-content":"","ast-featured-img":"disabled","footer-sml-layout":"","ast-disable-related-posts":"","theme-transparent-header-meta":"enabled","adv-header-id-meta":"","stick-header-meta":"","header-above-stick-meta":"","header-main-stick-meta":"","header-below-stick-meta":"","astra-migrate-meta-layouts":"set","ast-page-background-enabled":"default","ast-page-background-meta":{"desktop":{"background-color":"var(--ast-global-color-4)","background-image":"","background-repeat":"repeat","background-position":"center center","background-size":"auto","background-attachment":"scroll","background-type":"","background-media":"","overlay-type":"","overlay-color":"","overlay-opacity":"","overlay-gradient":""},"tablet":{"background-color":"","background-image":"","background-repeat":"repeat","background-position":"center center","background-size":"auto","background-attachment":"scroll","background-type":"","background-media":"","overlay-type":"","overlay-color":"","overlay-opacity":"","overlay-gradient":""},"mobile":{"background-color":"","background-image":"","background-repeat":"repeat","background-position":"center center","background-size":"auto","background-attachment":"scroll","background-type":"","background-media":"","overlay-type":"","overlay-color":"","overlay-opacity":"","overlay-gradient":""}},"ast-content-background-meta":{"desktop":{"background-color":"var(--ast-global-color-5)","background-image":"","background-repeat":"repeat","background-position":"center center","background-size":"auto","background-attachment":"scroll","background-type":"","background-media":"","overlay-type":"","overlay-color":"","overlay-opacity":"","overlay-gradient":""},"tablet":{"background-color":"var(--ast-global-color-5)","background-image":"","background-repeat":"repeat","background-position":"center center","background-size":"auto","background-attachment":"scroll","background-type":"","background-media":"","overlay-type":"","overlay-color":"","overlay-opacity":"","overlay-gradient":""},"mobile":{"background-color":"var(--ast-global-color-5)","background-image":"","background-repeat":"repeat","background-position":"center center","background-size":"auto","background-attachment":"scroll","background-type":"","background-media":"","overlay-type":"","overlay-color":"","overlay-opacity":"","overlay-gradient":""}},"footnotes":""},"class_list":["post-1510","page","type-page","status-publish","hentry"],"_hostinger_reach_plugin_has_subscription_block":false,"_hostinger_reach_plugin_is_elementor":false,"uagb_featured_image_src":{"full":false,"thumbnail":false,"medium":false,"medium_large":false,"large":false,"1536x1536":false,"2048x2048":false,"trp-custom-language-flag":false,"et-pb-post-main-image":false,"et-pb-post-main-image-fullwidth":false,"et-pb-portfolio-image":false,"et-pb-portfolio-module-image":false,"et-pb-portfolio-image-single":false,"et-pb-gallery-module-image-portrait":false},"uagb_author_info":{"display_name":"BaricO2","author_link":"https:\/\/barico2.com\/en\/author\/contactobarico2-com\/"},"uagb_comment_info":0,"uagb_excerpt":"\u00bfQu\u00e9 es la terapia hiperb\u00e1rica? La terapia hiperb\u00e1rica de baja presi\u00f3n es un tratamiento no invasivo que consiste en respirar aire con una mayor concentraci\u00f3n de ox\u00edgeno dentro de una c\u00e1mara especialmente dise\u00f1ada para alcanzar presiones de hasta 1,45 ATA, permitiendo aumentar el ox\u00edgeno diluido en el plasma sangu\u00edneo y esto consigue una mayor disponibilidad&hellip;","_links":{"self":[{"href":"https:\/\/barico2.com\/en\/wp-json\/wp\/v2\/pages\/1510","targetHints":{"allow":["GET"]}}],"collection":[{"href":"https:\/\/barico2.com\/en\/wp-json\/wp\/v2\/pages"}],"about":[{"href":"https:\/\/barico2.com\/en\/wp-json\/wp\/v2\/types\/page"}],"author":[{"embeddable":true,"href":"https:\/\/barico2.com\/en\/wp-json\/wp\/v2\/users\/4"}],"replies":[{"embeddable":true,"href":"https:\/\/barico2.com\/en\/wp-json\/wp\/v2\/comments?post=1510"}],"version-history":[{"count":30,"href":"https:\/\/barico2.com\/en\/wp-json\/wp\/v2\/pages\/1510\/revisions"}],"predecessor-version":[{"id":1885,"href":"https:\/\/barico2.com\/en\/wp-json\/wp\/v2\/pages\/1510\/revisions\/1885"}],"wp:attachment":[{"href":"https:\/\/barico2.com\/en\/wp-json\/wp\/v2\/media?parent=1510"}],"curies":[{"name":"wp","href":"https:\/\/api.w.org\/{rel}","templated":true}]}}