{"id":120,"date":"2025-09-08T15:31:07","date_gmt":"2025-09-08T15:31:07","guid":{"rendered":"https:\/\/barico2.com\/index.php\/services\/"},"modified":"2026-02-18T14:53:59","modified_gmt":"2026-02-18T12:53:59","slug":"ofertas-barico2","status":"publish","type":"page","link":"https:\/\/barico2.com\/en\/ofertas-barico2\/","title":{"rendered":"Offers"},"content":{"rendered":"<div class=\"wp-block-uagb-container uagb-block-633ebf0c alignfull uagb-is-root-container\"><div class=\"uagb-container-inner-blocks-wrap\">\n<div class=\"wp-block-uagb-advanced-heading uagb-block-62fbb34c\"><h1 class=\"uagb-heading-text\">Ofertas BaricO2<\/h1><\/div>\n\n\n\n<p class=\"has-text-align-center has-ast-global-color-5-color has-text-color has-link-color has-medium-font-size wp-elements-61fa522ab7671e4b117a5ba00863d9d5\"><\/p>\n<\/div><\/div>\n\n\n\n<div class=\"wp-block-uagb-container uagb-block-f9a3c706 alignfull uagb-is-root-container\"><div class=\"uagb-container-inner-blocks-wrap\">\n<div class=\"wp-block-uagb-advanced-heading uagb-block-1efb2258\"><h2 class=\"uagb-heading-text\">Estamos comprometidos con tu salud, disfruta de los beneficios que la oxigenoterapia hiperb\u00e1rica te ofrece.<\/h2><\/div>\n\n\n\n<div class=\"wp-block-uagb-container uagb-layout-grid uagb-block-13ba4141\">\n<div class=\"wp-block-uagb-container uagb-block-15468597\">\n<div class=\"wp-block-uagb-info-box uagb-block-8dadb9e5 uagb-infobox__content-wrap  uagb-infobox-icon-above-title uagb-infobox-image-valign-top\"><div class=\"uagb-ifb-content\"><div class=\"uagb-ifb-image-content\"><img decoding=\"async\" src=\"https:\/\/barico2.com\/wp-content\/uploads\/2025\/09\/photo11-e1757601546351.png\" alt=\"Ofertas BaricO2\" width=\"1060\" height=\"767\" loading=\"lazy\"\/><\/div><div class=\"uagb-ifb-title-wrap\"><h4 class=\"uagb-ifb-title\">Welcome offer<\/h4><\/div><p class=\"uagb-ifb-desc\">&#8211; Bono de 5+1, si haces 5 sesiones tienes 1 extra<br>&#8211; Bono amigo, por la compra del bono de 5 sesiones (1 sesi\u00f3n extra gratis), tu amigo tambi\u00e9n se beneficia de esta promoci\u00f3n.<br><\/p><\/div><\/div>\n<\/div>\n\n\n\n<div class=\"wp-block-uagb-container uagb-block-085bde31\">\n<div class=\"wp-block-uagb-info-box uagb-block-65c52bf7 uagb-infobox__content-wrap  uagb-infobox-icon-above-title uagb-infobox-image-valign-top\"><div class=\"uagb-ifb-content\"><div class=\"uagb-ifb-image-content\"><img decoding=\"async\" src=\"https:\/\/barico2.com\/wp-content\/uploads\/2025\/09\/photo12-e1757601642773.png\" alt=\"Oferta de referido\" width=\"1070\" height=\"767\" loading=\"lazy\"\/><\/div><div class=\"uagb-ifb-title-wrap\"><h4 class=\"uagb-ifb-title\">Reference offer<\/h4><\/div><p class=\"uagb-ifb-desc\">If you come referred from one of our partners you have a special price.<\/p><\/div><\/div>\n<\/div>\n\n\n\n<div class=\"wp-block-uagb-container uagb-block-0e01e09a\">\n<div class=\"wp-block-uagb-info-box uagb-block-b7de0245 uagb-infobox__content-wrap  uagb-infobox-icon-above-title uagb-infobox-image-valign-top\"><div class=\"uagb-ifb-content\"><div class=\"uagb-ifb-image-content\"><img decoding=\"async\" src=\"https:\/\/barico2.com\/wp-content\/uploads\/2025\/09\/photo13-e1757601813283.png\" alt=\"Probar terapia hiperb\u00e1rica\" width=\"1070\" height=\"767\" loading=\"lazy\"\/><\/div><div class=\"uagb-ifb-title-wrap\"><h4 class=\"uagb-ifb-title\">Prueba la terapia hiperb\u00e1rica<\/h4><\/div><p class=\"uagb-ifb-desc\">Prueba nuestra terapia, deja una rese\u00f1a y recibe una de las ofertas BaricO2 especiales.<\/p><\/div><\/div>\n<\/div>\n<\/div>\n<\/div><\/div>\n\n\n\n<div class=\"wp-block-uagb-container uagb-block-3600d5f4 alignfull uagb-is-root-container\">\n<div class=\"wp-block-uagb-container uagb-block-7f820d12\">\n<div class=\"wp-block-uagb-info-box uagb-block-5190a6d8 uagb-infobox__content-wrap  uagb-infobox-icon-above-title uagb-infobox-image-valign-top\"><div class=\"uagb-ifb-content\"><div class=\"uagb-ifb-title-wrap\"><h2 class=\"uagb-ifb-title\"><strong><strong>Not sure how it works?<\/strong><\/strong><\/h2><\/div><p class=\"uagb-ifb-desc\">Ll\u00e1manos o rellena nuestro formulario de contacto para concertar una cita. Estamos aqu\u00ed para ayudarte. Siempre puedes acercarte a nuestro centro para solicitar toda la informaci\u00f3n que necesites.<\/p><\/div><\/div>\n\n\n\n<div class=\"wp-block-uagb-buttons uagb-buttons__outer-wrap uagb-btn__default-btn uagb-btn-tablet__default-btn uagb-btn-mobile__default-btn uagb-block-04dba03e\"><div class=\"uagb-buttons__wrap uagb-buttons-layout-wrap\">\n<div class=\"wp-block-uagb-buttons-child uagb-buttons__outer-wrap uagb-block-f166b570 wp-block-button\"><div class=\"uagb-button__wrapper\"><a class=\"uagb-buttons-repeater wp-block-button__link\" aria-label=\"\" href=\"https:\/\/barico2.com\/en\/contacto\/\" rel=\"follow noopener\" target=\"_self\" role=\"button\"><div class=\"uagb-button__link\">Get in touch<\/div><\/a><\/div><\/div>\n<\/div><\/div>\n<\/div>\n\n\n\n<div class=\"wp-block-uagb-container uagb-block-db1f96e0\"><\/div>\n<\/div>\n\n\n\n<p><\/p>","protected":false},"excerpt":{"rendered":"<p>Ofertas BaricO2 Estamos comprometidos con tu salud, disfruta de los beneficios que la oxigenoterapia hiperb\u00e1rica te ofrece.<\/p>","protected":false},"author":4,"featured_media":0,"parent":0,"menu_order":0,"comment_status":"closed","ping_status":"closed","template":"","meta":{"_et_pb_use_builder":"","_et_pb_old_content":"","_et_gb_content_width":"","_uag_custom_page_level_css":"","site-sidebar-layout":"no-sidebar","site-content-layout":"plain-container","ast-site-content-layout":"normal-width-container","site-content-style":"unboxed","site-sidebar-style":"unboxed","ast-global-header-display":"","ast-banner-title-visibility":"","ast-main-header-display":"","ast-hfb-above-header-display":"","ast-hfb-below-header-display":"","ast-hfb-mobile-header-display":"","site-post-title":"disabled","ast-breadcrumbs-content":"","ast-featured-img":"disabled","footer-sml-layout":"","ast-disable-related-posts":"","theme-transparent-header-meta":"enabled","adv-header-id-meta":"","stick-header-meta":"","header-above-stick-meta":"","header-main-stick-meta":"","header-below-stick-meta":"","astra-migrate-meta-layouts":"set","ast-page-background-enabled":"default","ast-page-background-meta":{"desktop":{"background-color":"var(--ast-global-color-4)","background-image":"","background-repeat":"repeat","background-position":"center center","background-size":"auto","background-attachment":"scroll","background-type":"","background-media":"","overlay-type":"","overlay-color":"","overlay-opacity":"","overlay-gradient":""},"tablet":{"background-color":"","background-image":"","background-repeat":"repeat","background-position":"center center","background-size":"auto","background-attachment":"scroll","background-type":"","background-media":"","overlay-type":"","overlay-color":"","overlay-opacity":"","overlay-gradient":""},"mobile":{"background-color":"","background-image":"","background-repeat":"repeat","background-position":"center center","background-size":"auto","background-attachment":"scroll","background-type":"","background-media":"","overlay-type":"","overlay-color":"","overlay-opacity":"","overlay-gradient":""}},"ast-content-background-meta":{"desktop":{"background-color":"var(--ast-global-color-5)","background-image":"","background-repeat":"repeat","background-position":"center center","background-size":"auto","background-attachment":"scroll","background-type":"","background-media":"","overlay-type":"","overlay-color":"","overlay-opacity":"","overlay-gradient":""},"tablet":{"background-color":"var(--ast-global-color-5)","background-image":"","background-repeat":"repeat","background-position":"center center","background-size":"auto","background-attachment":"scroll","background-type":"","background-media":"","overlay-type":"","overlay-color":"","overlay-opacity":"","overlay-gradient":""},"mobile":{"background-color":"var(--ast-global-color-5)","background-image":"","background-repeat":"repeat","background-position":"center center","background-size":"auto","background-attachment":"scroll","background-type":"","background-media":"","overlay-type":"","overlay-color":"","overlay-opacity":"","overlay-gradient":""}},"footnotes":""},"class_list":["post-120","page","type-page","status-publish","hentry"],"_hostinger_reach_plugin_has_subscription_block":false,"_hostinger_reach_plugin_is_elementor":false,"uagb_featured_image_src":{"full":false,"thumbnail":false,"medium":false,"medium_large":false,"large":false,"1536x1536":false,"2048x2048":false,"trp-custom-language-flag":false,"et-pb-post-main-image":false,"et-pb-post-main-image-fullwidth":false,"et-pb-portfolio-image":false,"et-pb-portfolio-module-image":false,"et-pb-portfolio-image-single":false,"et-pb-gallery-module-image-portrait":false},"uagb_author_info":{"display_name":"BaricO2","author_link":"https:\/\/barico2.com\/en\/author\/contactobarico2-com\/"},"uagb_comment_info":0,"uagb_excerpt":"Ofertas BaricO2 Estamos comprometidos con tu salud, disfruta de los beneficios que la oxigenoterapia hiperb\u00e1rica te ofrece.","_links":{"self":[{"href":"https:\/\/barico2.com\/en\/wp-json\/wp\/v2\/pages\/120","targetHints":{"allow":["GET"]}}],"collection":[{"href":"https:\/\/barico2.com\/en\/wp-json\/wp\/v2\/pages"}],"about":[{"href":"https:\/\/barico2.com\/en\/wp-json\/wp\/v2\/types\/page"}],"author":[{"embeddable":true,"href":"https:\/\/barico2.com\/en\/wp-json\/wp\/v2\/users\/4"}],"replies":[{"embeddable":true,"href":"https:\/\/barico2.com\/en\/wp-json\/wp\/v2\/comments?post=120"}],"version-history":[{"count":24,"href":"https:\/\/barico2.com\/en\/wp-json\/wp\/v2\/pages\/120\/revisions"}],"predecessor-version":[{"id":1874,"href":"https:\/\/barico2.com\/en\/wp-json\/wp\/v2\/pages\/120\/revisions\/1874"}],"wp:attachment":[{"href":"https:\/\/barico2.com\/en\/wp-json\/wp\/v2\/media?parent=120"}],"curies":[{"name":"wp","href":"https:\/\/api.w.org\/{rel}","templated":true}]}}